{"id":116,"date":"2022-07-15T05:56:02","date_gmt":"2022-07-15T04:56:02","guid":{"rendered":"https:\/\/ipharmagare92.fr\/pharma\/?page_id=116"},"modified":"2022-07-26T12:14:27","modified_gmt":"2022-07-26T11:14:27","slug":"creer-un-bon-de-reduction","status":"publish","type":"page","link":"https:\/\/ipharmagare92.fr\/pharma\/creer-un-bon-de-reduction\/","title":{"rendered":"Cr\u00e9er un bon de r\u00e9duction"},"content":{"rendered":"\n<p class=\"has-medium-font-size\">Cr\u00e9er un bon de r\u00e9duction \u00e0 la demande du client : <strong><a href=\"https:\/\/www.youtube.com\/watch?v=3qvehsJJS8Q\" target=\"_blank\" rel=\"noreferrer noopener\">VIDEO<\/a><\/strong><\/p>\n","protected":false},"excerpt":{"rendered":"<p>Cr\u00e9er un bon de r\u00e9duction \u00e0 la demande du client : VIDEO<\/p>\n","protected":false},"author":1,"featured_media":0,"parent":0,"menu_order":0,"comment_status":"closed","ping_status":"closed","template":"","meta":{"footnotes":""},"class_list":["post-116","page","type-page","status-publish","hentry"],"yoast_head":"<!-- This site is optimized with the Yoast SEO plugin v18.8 - https:\/\/yoast.com\/wordpress\/plugins\/seo\/ -->\n<title>Cr\u00e9er un bon de r\u00e9duction - Pharmacie Gare de Rueil<\/title>\n<meta name=\"robots\" content=\"index, follow, max-snippet:-1, max-image-preview:large, max-video-preview:-1\" \/>\n<link rel=\"canonical\" href=\"https:\/\/ipharmagare92.fr\/pharma\/creer-un-bon-de-reduction\/\" \/>\n<meta property=\"og:locale\" content=\"fr_FR\" \/>\n<meta property=\"og:type\" content=\"article\" \/>\n<meta property=\"og:title\" content=\"Cr\u00e9er un bon de r\u00e9duction - Pharmacie Gare de Rueil\" \/>\n<meta property=\"og:description\" content=\"Cr\u00e9er un bon de r\u00e9duction \u00e0 la demande du client : VIDEO\" \/>\n<meta property=\"og:url\" content=\"https:\/\/ipharmagare92.fr\/pharma\/creer-un-bon-de-reduction\/\" \/>\n<meta property=\"og:site_name\" content=\"Pharmacie Gare de Rueil\" \/>\n<meta property=\"article:modified_time\" content=\"2022-07-26T11:14:27+00:00\" \/>\n<meta name=\"twitter:label1\" content=\"Dur\u00e9e de lecture estim\u00e9e\" \/>\n\t<meta name=\"twitter:data1\" content=\"1 minute\" \/>\n<script type=\"application\/ld+json\" class=\"yoast-schema-graph\">{\"@context\":\"https:\/\/schema.org\",\"@graph\":[{\"@type\":\"WebSite\",\"@id\":\"https:\/\/ipharmagare92.fr\/pharma\/#website\",\"url\":\"https:\/\/ipharmagare92.fr\/pharma\/\",\"name\":\"Pharmacie Gare de Rueil\",\"description\":\"L&#039;intranet de ma pharmacie\",\"potentialAction\":[{\"@type\":\"SearchAction\",\"target\":{\"@type\":\"EntryPoint\",\"urlTemplate\":\"https:\/\/ipharmagare92.fr\/pharma\/?s={search_term_string}\"},\"query-input\":\"required name=search_term_string\"}],\"inLanguage\":\"fr-FR\"},{\"@type\":\"WebPage\",\"@id\":\"https:\/\/ipharmagare92.fr\/pharma\/creer-un-bon-de-reduction\/#webpage\",\"url\":\"https:\/\/ipharmagare92.fr\/pharma\/creer-un-bon-de-reduction\/\",\"name\":\"Cr\u00e9er un bon de r\u00e9duction - Pharmacie Gare de Rueil\",\"isPartOf\":{\"@id\":\"https:\/\/ipharmagare92.fr\/pharma\/#website\"},\"datePublished\":\"2022-07-15T04:56:02+00:00\",\"dateModified\":\"2022-07-26T11:14:27+00:00\",\"breadcrumb\":{\"@id\":\"https:\/\/ipharmagare92.fr\/pharma\/creer-un-bon-de-reduction\/#breadcrumb\"},\"inLanguage\":\"fr-FR\",\"potentialAction\":[{\"@type\":\"ReadAction\",\"target\":[\"https:\/\/ipharmagare92.fr\/pharma\/creer-un-bon-de-reduction\/\"]}]},{\"@type\":\"BreadcrumbList\",\"@id\":\"https:\/\/ipharmagare92.fr\/pharma\/creer-un-bon-de-reduction\/#breadcrumb\",\"itemListElement\":[{\"@type\":\"ListItem\",\"position\":1,\"name\":\"Accueil\",\"item\":\"https:\/\/ipharmagare92.fr\/pharma\/\"},{\"@type\":\"ListItem\",\"position\":2,\"name\":\"Cr\u00e9er un bon de r\u00e9duction\"}]}]}<\/script>\n<!-- \/ Yoast SEO plugin. -->","yoast_head_json":{"title":"Cr\u00e9er un bon de r\u00e9duction - Pharmacie Gare de Rueil","robots":{"index":"index","follow":"follow","max-snippet":"max-snippet:-1","max-image-preview":"max-image-preview:large","max-video-preview":"max-video-preview:-1"},"canonical":"https:\/\/ipharmagare92.fr\/pharma\/creer-un-bon-de-reduction\/","og_locale":"fr_FR","og_type":"article","og_title":"Cr\u00e9er un bon de r\u00e9duction - Pharmacie Gare de Rueil","og_description":"Cr\u00e9er un bon de r\u00e9duction \u00e0 la demande du client : VIDEO","og_url":"https:\/\/ipharmagare92.fr\/pharma\/creer-un-bon-de-reduction\/","og_site_name":"Pharmacie Gare de Rueil","article_modified_time":"2022-07-26T11:14:27+00:00","twitter_misc":{"Dur\u00e9e de lecture estim\u00e9e":"1 minute"},"schema":{"@context":"https:\/\/schema.org","@graph":[{"@type":"WebSite","@id":"https:\/\/ipharmagare92.fr\/pharma\/#website","url":"https:\/\/ipharmagare92.fr\/pharma\/","name":"Pharmacie Gare de Rueil","description":"L&#039;intranet de ma pharmacie","potentialAction":[{"@type":"SearchAction","target":{"@type":"EntryPoint","urlTemplate":"https:\/\/ipharmagare92.fr\/pharma\/?s={search_term_string}"},"query-input":"required name=search_term_string"}],"inLanguage":"fr-FR"},{"@type":"WebPage","@id":"https:\/\/ipharmagare92.fr\/pharma\/creer-un-bon-de-reduction\/#webpage","url":"https:\/\/ipharmagare92.fr\/pharma\/creer-un-bon-de-reduction\/","name":"Cr\u00e9er un bon de r\u00e9duction - Pharmacie Gare de Rueil","isPartOf":{"@id":"https:\/\/ipharmagare92.fr\/pharma\/#website"},"datePublished":"2022-07-15T04:56:02+00:00","dateModified":"2022-07-26T11:14:27+00:00","breadcrumb":{"@id":"https:\/\/ipharmagare92.fr\/pharma\/creer-un-bon-de-reduction\/#breadcrumb"},"inLanguage":"fr-FR","potentialAction":[{"@type":"ReadAction","target":["https:\/\/ipharmagare92.fr\/pharma\/creer-un-bon-de-reduction\/"]}]},{"@type":"BreadcrumbList","@id":"https:\/\/ipharmagare92.fr\/pharma\/creer-un-bon-de-reduction\/#breadcrumb","itemListElement":[{"@type":"ListItem","position":1,"name":"Accueil","item":"https:\/\/ipharmagare92.fr\/pharma\/"},{"@type":"ListItem","position":2,"name":"Cr\u00e9er un bon de r\u00e9duction"}]}]}},"_links":{"self":[{"href":"https:\/\/ipharmagare92.fr\/pharma\/wp-json\/wp\/v2\/pages\/116","targetHints":{"allow":["GET"]}}],"collection":[{"href":"https:\/\/ipharmagare92.fr\/pharma\/wp-json\/wp\/v2\/pages"}],"about":[{"href":"https:\/\/ipharmagare92.fr\/pharma\/wp-json\/wp\/v2\/types\/page"}],"author":[{"embeddable":true,"href":"https:\/\/ipharmagare92.fr\/pharma\/wp-json\/wp\/v2\/users\/1"}],"replies":[{"embeddable":true,"href":"https:\/\/ipharmagare92.fr\/pharma\/wp-json\/wp\/v2\/comments?post=116"}],"version-history":[{"count":2,"href":"https:\/\/ipharmagare92.fr\/pharma\/wp-json\/wp\/v2\/pages\/116\/revisions"}],"predecessor-version":[{"id":133,"href":"https:\/\/ipharmagare92.fr\/pharma\/wp-json\/wp\/v2\/pages\/116\/revisions\/133"}],"wp:attachment":[{"href":"https:\/\/ipharmagare92.fr\/pharma\/wp-json\/wp\/v2\/media?parent=116"}],"curies":[{"name":"wp","href":"https:\/\/api.w.org\/{rel}","templated":true}]}}