{"id":163,"date":"2022-07-15T15:17:01","date_gmt":"2022-07-15T14:17:01","guid":{"rendered":"https:\/\/ipharmagare92.fr\/pharma\/?page_id=163"},"modified":"2022-07-29T10:18:37","modified_gmt":"2022-07-29T09:18:37","slug":"commanedes-grossistes","status":"publish","type":"page","link":"https:\/\/ipharmagare92.fr\/pharma\/commanedes-grossistes\/","title":{"rendered":"R\u00e9ception Commandes"},"content":{"rendered":"\n<p class=\"has-black-color has-text-color has-medium-font-size\">Les commandes grossistes sont g\u00e9r\u00e9es via le Robot (proc\u00e9dure ICI).<br>La r\u00e9ception d'une commande se d\u00e9roule en 4 \u00e9tapes :<\/p>\n\n\n\n<p class=\"has-vivid-red-color has-text-color has-medium-font-size\">1 - <strong>Fusion des Commandes : <\/strong><\/p>\n\n\n\n<p class=\"has-medium-font-size\">La fusion des commandes permet de ne g\u00e9rer la r\u00e9ception que d'une seule commande quand plusieurs sont dans le m\u00eame \u00e9tat (ENV) et qu'elles datent du m\u00eame jour : <a href=\"https:\/\/ipharmagare92.fr\/pharma\/wp-content\/uploads\/2022\/07\/fusion-des-commandes.mp4\" target=\"_blank\" rel=\"noreferrer noopener\"><strong>VIDEO<\/strong><\/a><\/p>\n\n\n\n<p class=\"has-vivid-red-color has-text-color has-medium-font-size\"><strong>2 - R\u00e9ception de la commande : <\/strong><\/p>\n\n\n\n<p class=\"has-medium-font-size\">La r\u00e9ception de la commande se fait en ins\u00e9rant le num\u00e9ro de la commande sur l'\u00e9cran du robot dans sa partie droite (MT. INTEGRATED) : VIDEO<br>Dans le cas o\u00f9 des boites seraient expuls\u00e9es ou non lisibles (ex : LPP sans code DATAMATRIX) celles-ci doivent \u00eatre int\u00e9gr\u00e9es<strong> avec le m\u00eame num\u00e9ro de commande<\/strong> dans la partie gauche (ENTREE MANUELLE) : <strong><a href=\"https:\/\/ipharmagare92.fr\/pharma\/wp-content\/uploads\/2022\/07\/WhatsApp-Video-2022-07-15-at-13.24.17.mp4\" target=\"_blank\" rel=\"noreferrer noopener\">VIDEO<\/a><\/strong><\/p>\n\n\n\n<p class=\"has-vivid-red-color has-text-color has-medium-font-size\"><strong>3 - R\u00e9ception de la commande HORS ROBOT: <\/strong><\/p>\n\n\n\n<p class=\"has-medium-font-size\">Cela concerne les produits qui ne sont pas destin\u00e9s \u00e0 \u00eatre int\u00e9gr\u00e9s dans le robot : sans emballage carton, produits froids, hors format, stup\u00e9fiants : <a href=\"https:\/\/ipharmagare92.fr\/pharma\/wp-content\/uploads\/2022\/07\/fusion-des-commandes.mp4\" target=\"_blank\" rel=\"noreferrer noopener\"><strong>VIDEO<\/strong><\/a><br>NB : Cette r\u00e9ception dite 'ult\u00e9rieure' peut au choix \u00eatre faite <strong>AVANT<\/strong> ou <strong>APRES<\/strong> l'\u00e9tape 2 ci-dessus<\/p>\n\n\n\n<p class=\"has-vivid-red-color has-text-color has-medium-font-size\"><strong>4 - R\u00e9ception Financi\u00e8re de la commande : <\/strong><\/p>\n\n\n\n<p class=\"has-medium-font-size\">A ce stade nous allons r\u00e9ceptionner financi\u00e8rement la commande pour les produits signal\u00e9s en GRAS.<br>Il ne faut pas tenir compte des produits LPP.<br>C'est gr\u00e2ce \u00e0 la validation de cette \u00e9tape que les prix se mettront automatiquement \u00e0 jour dans la fiche produit : <strong><a href=\"https:\/\/ipharmagare92.fr\/pharma\/wp-content\/uploads\/2022\/07\/Reception-Fincanciere-3.mp4\" target=\"_blank\" rel=\"noreferrer noopener\">VIDEO<\/a><\/strong><\/p>\n\n\n\n<figure class=\"wp-block-gallery has-nested-images columns-default is-cropped wp-block-gallery-1 is-layout-flex wp-block-gallery-is-layout-flex\"><\/figure>\n","protected":false},"excerpt":{"rendered":"<p>Les commandes grossistes sont g\u00e9r\u00e9es via le Robot (proc\u00e9dure ICI).La r\u00e9ception d&rsquo;une commande se d\u00e9roule en 4 \u00e9tapes : 1 &#8211; Fusion des Commandes : La fusion des commandes permet de ne g\u00e9rer la r\u00e9ception que d&rsquo;une seule commande quand&hellip; <\/p>\n","protected":false},"author":1,"featured_media":0,"parent":0,"menu_order":0,"comment_status":"closed","ping_status":"closed","template":"","meta":{"footnotes":""},"class_list":["post-163","page","type-page","status-publish","hentry"],"yoast_head":"<!-- This site is optimized with the Yoast SEO plugin v18.8 - https:\/\/yoast.com\/wordpress\/plugins\/seo\/ -->\n<title>R\u00e9ception Commandes - Pharmacie Gare de Rueil<\/title>\n<meta name=\"robots\" content=\"index, follow, max-snippet:-1, max-image-preview:large, max-video-preview:-1\" \/>\n<link rel=\"canonical\" href=\"https:\/\/ipharmagare92.fr\/pharma\/commanedes-grossistes\/\" \/>\n<meta property=\"og:locale\" content=\"fr_FR\" \/>\n<meta property=\"og:type\" content=\"article\" \/>\n<meta property=\"og:title\" content=\"R\u00e9ception Commandes - Pharmacie Gare de Rueil\" \/>\n<meta property=\"og:description\" content=\"Les commandes grossistes sont g\u00e9r\u00e9es via le Robot (proc\u00e9dure ICI).La r\u00e9ception d&#039;une commande se d\u00e9roule en 4 \u00e9tapes : 1 - Fusion des Commandes : La fusion des commandes permet de ne g\u00e9rer la r\u00e9ception que d&#039;une seule commande quand&hellip;\" \/>\n<meta property=\"og:url\" content=\"https:\/\/ipharmagare92.fr\/pharma\/commanedes-grossistes\/\" \/>\n<meta property=\"og:site_name\" content=\"Pharmacie Gare de Rueil\" \/>\n<meta property=\"article:modified_time\" content=\"2022-07-29T09:18:37+00:00\" \/>\n<meta name=\"twitter:label1\" content=\"Dur\u00e9e de lecture estim\u00e9e\" \/>\n\t<meta name=\"twitter:data1\" content=\"2 minutes\" \/>\n<script type=\"application\/ld+json\" class=\"yoast-schema-graph\">{\"@context\":\"https:\/\/schema.org\",\"@graph\":[{\"@type\":\"WebSite\",\"@id\":\"https:\/\/ipharmagare92.fr\/pharma\/#website\",\"url\":\"https:\/\/ipharmagare92.fr\/pharma\/\",\"name\":\"Pharmacie Gare de Rueil\",\"description\":\"L&#039;intranet de ma pharmacie\",\"potentialAction\":[{\"@type\":\"SearchAction\",\"target\":{\"@type\":\"EntryPoint\",\"urlTemplate\":\"https:\/\/ipharmagare92.fr\/pharma\/?s={search_term_string}\"},\"query-input\":\"required name=search_term_string\"}],\"inLanguage\":\"fr-FR\"},{\"@type\":\"WebPage\",\"@id\":\"https:\/\/ipharmagare92.fr\/pharma\/commanedes-grossistes\/#webpage\",\"url\":\"https:\/\/ipharmagare92.fr\/pharma\/commanedes-grossistes\/\",\"name\":\"R\u00e9ception Commandes - Pharmacie Gare de Rueil\",\"isPartOf\":{\"@id\":\"https:\/\/ipharmagare92.fr\/pharma\/#website\"},\"datePublished\":\"2022-07-15T14:17:01+00:00\",\"dateModified\":\"2022-07-29T09:18:37+00:00\",\"breadcrumb\":{\"@id\":\"https:\/\/ipharmagare92.fr\/pharma\/commanedes-grossistes\/#breadcrumb\"},\"inLanguage\":\"fr-FR\",\"potentialAction\":[{\"@type\":\"ReadAction\",\"target\":[\"https:\/\/ipharmagare92.fr\/pharma\/commanedes-grossistes\/\"]}]},{\"@type\":\"BreadcrumbList\",\"@id\":\"https:\/\/ipharmagare92.fr\/pharma\/commanedes-grossistes\/#breadcrumb\",\"itemListElement\":[{\"@type\":\"ListItem\",\"position\":1,\"name\":\"Accueil\",\"item\":\"https:\/\/ipharmagare92.fr\/pharma\/\"},{\"@type\":\"ListItem\",\"position\":2,\"name\":\"R\u00e9ception Commandes\"}]}]}<\/script>\n<!-- \/ Yoast SEO plugin. -->","yoast_head_json":{"title":"R\u00e9ception Commandes - Pharmacie Gare de Rueil","robots":{"index":"index","follow":"follow","max-snippet":"max-snippet:-1","max-image-preview":"max-image-preview:large","max-video-preview":"max-video-preview:-1"},"canonical":"https:\/\/ipharmagare92.fr\/pharma\/commanedes-grossistes\/","og_locale":"fr_FR","og_type":"article","og_title":"R\u00e9ception Commandes - Pharmacie Gare de Rueil","og_description":"Les commandes grossistes sont g\u00e9r\u00e9es via le Robot (proc\u00e9dure ICI).La r\u00e9ception d'une commande se d\u00e9roule en 4 \u00e9tapes : 1 - Fusion des Commandes : La fusion des commandes permet de ne g\u00e9rer la r\u00e9ception que d'une seule commande quand&hellip;","og_url":"https:\/\/ipharmagare92.fr\/pharma\/commanedes-grossistes\/","og_site_name":"Pharmacie Gare de Rueil","article_modified_time":"2022-07-29T09:18:37+00:00","twitter_misc":{"Dur\u00e9e de lecture estim\u00e9e":"2 minutes"},"schema":{"@context":"https:\/\/schema.org","@graph":[{"@type":"WebSite","@id":"https:\/\/ipharmagare92.fr\/pharma\/#website","url":"https:\/\/ipharmagare92.fr\/pharma\/","name":"Pharmacie Gare de Rueil","description":"L&#039;intranet de ma pharmacie","potentialAction":[{"@type":"SearchAction","target":{"@type":"EntryPoint","urlTemplate":"https:\/\/ipharmagare92.fr\/pharma\/?s={search_term_string}"},"query-input":"required name=search_term_string"}],"inLanguage":"fr-FR"},{"@type":"WebPage","@id":"https:\/\/ipharmagare92.fr\/pharma\/commanedes-grossistes\/#webpage","url":"https:\/\/ipharmagare92.fr\/pharma\/commanedes-grossistes\/","name":"R\u00e9ception Commandes - Pharmacie Gare de Rueil","isPartOf":{"@id":"https:\/\/ipharmagare92.fr\/pharma\/#website"},"datePublished":"2022-07-15T14:17:01+00:00","dateModified":"2022-07-29T09:18:37+00:00","breadcrumb":{"@id":"https:\/\/ipharmagare92.fr\/pharma\/commanedes-grossistes\/#breadcrumb"},"inLanguage":"fr-FR","potentialAction":[{"@type":"ReadAction","target":["https:\/\/ipharmagare92.fr\/pharma\/commanedes-grossistes\/"]}]},{"@type":"BreadcrumbList","@id":"https:\/\/ipharmagare92.fr\/pharma\/commanedes-grossistes\/#breadcrumb","itemListElement":[{"@type":"ListItem","position":1,"name":"Accueil","item":"https:\/\/ipharmagare92.fr\/pharma\/"},{"@type":"ListItem","position":2,"name":"R\u00e9ception Commandes"}]}]}},"_links":{"self":[{"href":"https:\/\/ipharmagare92.fr\/pharma\/wp-json\/wp\/v2\/pages\/163","targetHints":{"allow":["GET"]}}],"collection":[{"href":"https:\/\/ipharmagare92.fr\/pharma\/wp-json\/wp\/v2\/pages"}],"about":[{"href":"https:\/\/ipharmagare92.fr\/pharma\/wp-json\/wp\/v2\/types\/page"}],"author":[{"embeddable":true,"href":"https:\/\/ipharmagare92.fr\/pharma\/wp-json\/wp\/v2\/users\/1"}],"replies":[{"embeddable":true,"href":"https:\/\/ipharmagare92.fr\/pharma\/wp-json\/wp\/v2\/comments?post=163"}],"version-history":[{"count":5,"href":"https:\/\/ipharmagare92.fr\/pharma\/wp-json\/wp\/v2\/pages\/163\/revisions"}],"predecessor-version":[{"id":289,"href":"https:\/\/ipharmagare92.fr\/pharma\/wp-json\/wp\/v2\/pages\/163\/revisions\/289"}],"wp:attachment":[{"href":"https:\/\/ipharmagare92.fr\/pharma\/wp-json\/wp\/v2\/media?parent=163"}],"curies":[{"name":"wp","href":"https:\/\/api.w.org\/{rel}","templated":true}]}}