{"id":176,"date":"2022-07-26T08:33:35","date_gmt":"2022-07-26T07:33:35","guid":{"rendered":"https:\/\/ipharmagare92.fr\/pharma\/?page_id=176"},"modified":"2022-07-26T15:48:28","modified_gmt":"2022-07-26T14:48:28","slug":"controle-temperature-frigo","status":"publish","type":"page","link":"https:\/\/ipharmagare92.fr\/pharma\/controle-temperature-frigo\/","title":{"rendered":"Contr\u00f4le Temp\u00e9rature Frigo"},"content":{"rendered":"\n<p class=\"has-medium-font-size\">Le contr\u00f4le de la temp\u00e9rature du frigo est disponible \u00e0 tout moment sur le poste SERVEUR.<\/p>\n\n\n\n<p class=\"has-medium-font-size\">Voici en photos le mode op\u00e9ratoire : <\/p>\n\n\n\n<p class=\"has-large-font-size\"><a href=\"https:\/\/ipharmagare92.fr\/pharma\/wp-content\/uploads\/2022\/07\/Capture-1.jpg\">1<\/a> - <a href=\"https:\/\/ipharmagare92.fr\/pharma\/wp-content\/uploads\/2022\/07\/Capture2.jpg\" target=\"_blank\" rel=\"noreferrer noopener\">2<\/a> - <a href=\"https:\/\/ipharmagare92.fr\/pharma\/wp-content\/uploads\/2022\/07\/Capture3.jpg\">3<\/a> - <a href=\"https:\/\/ipharmagare92.fr\/pharma\/wp-content\/uploads\/2022\/07\/Capture4.jpg\" target=\"_blank\" rel=\"noreferrer noopener\">4<\/a> - <a href=\"https:\/\/ipharmagare92.fr\/pharma\/wp-content\/uploads\/2022\/07\/Capture5.jpg\" target=\"_blank\" rel=\"noreferrer noopener\">5<\/a><\/p>\n\n\n\n<figure class=\"wp-block-gallery has-nested-images columns-default is-cropped wp-block-gallery-1 is-layout-flex wp-block-gallery-is-layout-flex\"><\/figure>\n","protected":false},"excerpt":{"rendered":"<p>Le contr\u00f4le de la temp\u00e9rature du frigo est disponible \u00e0 tout moment sur le poste SERVEUR. Voici en photos le mode op\u00e9ratoire : 1 &#8211; 2 &#8211; 3 &#8211; 4 &#8211; 5<\/p>\n","protected":false},"author":1,"featured_media":0,"parent":0,"menu_order":0,"comment_status":"closed","ping_status":"closed","template":"","meta":{"footnotes":""},"class_list":["post-176","page","type-page","status-publish","hentry"],"yoast_head":"<!-- This site is optimized with the Yoast SEO plugin v18.8 - https:\/\/yoast.com\/wordpress\/plugins\/seo\/ -->\n<title>Contr\u00f4le Temp\u00e9rature Frigo - Pharmacie Gare de Rueil<\/title>\n<meta name=\"robots\" content=\"index, follow, max-snippet:-1, max-image-preview:large, max-video-preview:-1\" \/>\n<link rel=\"canonical\" href=\"https:\/\/ipharmagare92.fr\/pharma\/controle-temperature-frigo\/\" \/>\n<meta property=\"og:locale\" content=\"fr_FR\" \/>\n<meta property=\"og:type\" content=\"article\" \/>\n<meta property=\"og:title\" content=\"Contr\u00f4le Temp\u00e9rature Frigo - Pharmacie Gare de Rueil\" \/>\n<meta property=\"og:description\" content=\"Le contr\u00f4le de la temp\u00e9rature du frigo est disponible \u00e0 tout moment sur le poste SERVEUR. Voici en photos le mode op\u00e9ratoire : 1 - 2 - 3 - 4 - 5\" \/>\n<meta property=\"og:url\" content=\"https:\/\/ipharmagare92.fr\/pharma\/controle-temperature-frigo\/\" \/>\n<meta property=\"og:site_name\" content=\"Pharmacie Gare de Rueil\" \/>\n<meta property=\"article:modified_time\" content=\"2022-07-26T14:48:28+00:00\" \/>\n<meta name=\"twitter:label1\" content=\"Dur\u00e9e de lecture estim\u00e9e\" \/>\n\t<meta name=\"twitter:data1\" content=\"1 minute\" \/>\n<script type=\"application\/ld+json\" class=\"yoast-schema-graph\">{\"@context\":\"https:\/\/schema.org\",\"@graph\":[{\"@type\":\"WebSite\",\"@id\":\"https:\/\/ipharmagare92.fr\/pharma\/#website\",\"url\":\"https:\/\/ipharmagare92.fr\/pharma\/\",\"name\":\"Pharmacie Gare de Rueil\",\"description\":\"L&#039;intranet de ma pharmacie\",\"potentialAction\":[{\"@type\":\"SearchAction\",\"target\":{\"@type\":\"EntryPoint\",\"urlTemplate\":\"https:\/\/ipharmagare92.fr\/pharma\/?s={search_term_string}\"},\"query-input\":\"required name=search_term_string\"}],\"inLanguage\":\"fr-FR\"},{\"@type\":\"WebPage\",\"@id\":\"https:\/\/ipharmagare92.fr\/pharma\/controle-temperature-frigo\/#webpage\",\"url\":\"https:\/\/ipharmagare92.fr\/pharma\/controle-temperature-frigo\/\",\"name\":\"Contr\u00f4le Temp\u00e9rature Frigo - Pharmacie Gare de Rueil\",\"isPartOf\":{\"@id\":\"https:\/\/ipharmagare92.fr\/pharma\/#website\"},\"datePublished\":\"2022-07-26T07:33:35+00:00\",\"dateModified\":\"2022-07-26T14:48:28+00:00\",\"breadcrumb\":{\"@id\":\"https:\/\/ipharmagare92.fr\/pharma\/controle-temperature-frigo\/#breadcrumb\"},\"inLanguage\":\"fr-FR\",\"potentialAction\":[{\"@type\":\"ReadAction\",\"target\":[\"https:\/\/ipharmagare92.fr\/pharma\/controle-temperature-frigo\/\"]}]},{\"@type\":\"BreadcrumbList\",\"@id\":\"https:\/\/ipharmagare92.fr\/pharma\/controle-temperature-frigo\/#breadcrumb\",\"itemListElement\":[{\"@type\":\"ListItem\",\"position\":1,\"name\":\"Accueil\",\"item\":\"https:\/\/ipharmagare92.fr\/pharma\/\"},{\"@type\":\"ListItem\",\"position\":2,\"name\":\"Contr\u00f4le Temp\u00e9rature Frigo\"}]}]}<\/script>\n<!-- \/ Yoast SEO plugin. -->","yoast_head_json":{"title":"Contr\u00f4le Temp\u00e9rature Frigo - Pharmacie Gare de Rueil","robots":{"index":"index","follow":"follow","max-snippet":"max-snippet:-1","max-image-preview":"max-image-preview:large","max-video-preview":"max-video-preview:-1"},"canonical":"https:\/\/ipharmagare92.fr\/pharma\/controle-temperature-frigo\/","og_locale":"fr_FR","og_type":"article","og_title":"Contr\u00f4le Temp\u00e9rature Frigo - Pharmacie Gare de Rueil","og_description":"Le contr\u00f4le de la temp\u00e9rature du frigo est disponible \u00e0 tout moment sur le poste SERVEUR. Voici en photos le mode op\u00e9ratoire : 1 - 2 - 3 - 4 - 5","og_url":"https:\/\/ipharmagare92.fr\/pharma\/controle-temperature-frigo\/","og_site_name":"Pharmacie Gare de Rueil","article_modified_time":"2022-07-26T14:48:28+00:00","twitter_misc":{"Dur\u00e9e de lecture estim\u00e9e":"1 minute"},"schema":{"@context":"https:\/\/schema.org","@graph":[{"@type":"WebSite","@id":"https:\/\/ipharmagare92.fr\/pharma\/#website","url":"https:\/\/ipharmagare92.fr\/pharma\/","name":"Pharmacie Gare de Rueil","description":"L&#039;intranet de ma pharmacie","potentialAction":[{"@type":"SearchAction","target":{"@type":"EntryPoint","urlTemplate":"https:\/\/ipharmagare92.fr\/pharma\/?s={search_term_string}"},"query-input":"required name=search_term_string"}],"inLanguage":"fr-FR"},{"@type":"WebPage","@id":"https:\/\/ipharmagare92.fr\/pharma\/controle-temperature-frigo\/#webpage","url":"https:\/\/ipharmagare92.fr\/pharma\/controle-temperature-frigo\/","name":"Contr\u00f4le Temp\u00e9rature Frigo - Pharmacie Gare de Rueil","isPartOf":{"@id":"https:\/\/ipharmagare92.fr\/pharma\/#website"},"datePublished":"2022-07-26T07:33:35+00:00","dateModified":"2022-07-26T14:48:28+00:00","breadcrumb":{"@id":"https:\/\/ipharmagare92.fr\/pharma\/controle-temperature-frigo\/#breadcrumb"},"inLanguage":"fr-FR","potentialAction":[{"@type":"ReadAction","target":["https:\/\/ipharmagare92.fr\/pharma\/controle-temperature-frigo\/"]}]},{"@type":"BreadcrumbList","@id":"https:\/\/ipharmagare92.fr\/pharma\/controle-temperature-frigo\/#breadcrumb","itemListElement":[{"@type":"ListItem","position":1,"name":"Accueil","item":"https:\/\/ipharmagare92.fr\/pharma\/"},{"@type":"ListItem","position":2,"name":"Contr\u00f4le Temp\u00e9rature Frigo"}]}]}},"_links":{"self":[{"href":"https:\/\/ipharmagare92.fr\/pharma\/wp-json\/wp\/v2\/pages\/176","targetHints":{"allow":["GET"]}}],"collection":[{"href":"https:\/\/ipharmagare92.fr\/pharma\/wp-json\/wp\/v2\/pages"}],"about":[{"href":"https:\/\/ipharmagare92.fr\/pharma\/wp-json\/wp\/v2\/types\/page"}],"author":[{"embeddable":true,"href":"https:\/\/ipharmagare92.fr\/pharma\/wp-json\/wp\/v2\/users\/1"}],"replies":[{"embeddable":true,"href":"https:\/\/ipharmagare92.fr\/pharma\/wp-json\/wp\/v2\/comments?post=176"}],"version-history":[{"count":3,"href":"https:\/\/ipharmagare92.fr\/pharma\/wp-json\/wp\/v2\/pages\/176\/revisions"}],"predecessor-version":[{"id":218,"href":"https:\/\/ipharmagare92.fr\/pharma\/wp-json\/wp\/v2\/pages\/176\/revisions\/218"}],"wp:attachment":[{"href":"https:\/\/ipharmagare92.fr\/pharma\/wp-json\/wp\/v2\/media?parent=176"}],"curies":[{"name":"wp","href":"https:\/\/api.w.org\/{rel}","templated":true}]}}