{"id":219,"date":"2022-07-26T15:59:27","date_gmt":"2022-07-26T14:59:27","guid":{"rendered":"https:\/\/ipharmagare92.fr\/pharma\/?page_id=219"},"modified":"2022-08-29T19:01:45","modified_gmt":"2022-08-29T18:01:45","slug":"check-list-ouverture-de-la-pharmacie","status":"publish","type":"page","link":"https:\/\/ipharmagare92.fr\/pharma\/check-list-ouverture-de-la-pharmacie\/","title":{"rendered":"Check list Ouverture de la pharmacie"},"content":{"rendered":"<div class='printomatic pom-default ' id='id5051' alt='Cliquer pour imprimer' title='Cliquer pour imprimer' data-print_target='article'><\/div> <div class='printomatictext' id='id5051' alt='Cliquer pour imprimer' title='Cliquer pour imprimer' data-print_target='article'>Cliquer pour imprimer<\/div><div style='clear: both;'><\/div>\n\n\n\n<p class=\"has-medium-font-size\">1 - D\u00e9verrouillage de la grille ext\u00e9rieure,<\/p>\n\n\n\n<p class=\"has-vivid-cyan-blue-color has-text-color has-medium-font-size\">2 - Ouverture de la grille \u00e0 l'aide de la cl\u00e9,<\/p>\n\n\n\n<p class=\"has-medium-font-size\">3 - Ouverture de la porte automatique \u00e0 l'aide de la cl\u00e9,<\/p>\n\n\n\n<p class=\"has-vivid-cyan-blue-color has-text-color has-medium-font-size\">4 - D\u00e9sactivation de l'alarme :  Sur la console taper distinctement les 4 chiffres puis YES. Un bip retentit et le message 'alarme d\u00e9sarm\u00e9e' s'affiche,<\/p>\n\n\n\n<p class=\"has-black-color has-text-color has-medium-font-size\">5 - Allumage des lumi\u00e8res du back office via les interrupteurs au pied de l'escalier,<\/p>\n\n\n\n<p class=\"has-vivid-cyan-blue-color has-text-color has-medium-font-size\">6 - D\u00e9sactivation de la messagerie en appuyant sur la touche F1 du standard (si  l'activation a \u00e9t\u00e9 oubli\u00e9e la veille le voyant bleu est d\u00e9j\u00e0 \u00e9teint) : <a href=\"https:\/\/ipharmagare92.fr\/pharma\/wp-content\/uploads\/2022\/07\/standard-eteint-scaled.jpg\"><mark style=\"background-color:rgba(0, 0, 0, 0)\" class=\"has-inline-color has-luminous-vivid-orange-color\">PHOTO<\/mark><\/a><\/p>\n\n\n\n<p class=\"has-black-color has-text-color has-medium-font-size\">7 - Allumage de l'ordinateur CASHGUARD,<\/p>\n\n\n\n<p class=\"has-vivid-cyan-blue-color has-text-color has-medium-font-size\">8 - Allumage des lumi\u00e8res au compteur : <strong><mark style=\"background-color:rgba(0, 0, 0, 0)\" class=\"has-inline-color has-luminous-vivid-orange-color\"><a href=\"https:\/\/ipharmagare92.fr\/pharma\/wp-content\/uploads\/2022\/07\/compteur-ON-scaled.jpg\">PHOTO<\/a><\/mark><\/strong><\/p>\n\n\n\n<p class=\"has-black-color has-text-color has-medium-font-size\">9 - Ouverture de la porte automatique en mode 'ENTREE SORTIE' sur la t\u00e9l\u00e9commande : <a href=\"https:\/\/ipharmagare92.fr\/pharma\/wp-content\/uploads\/2022\/07\/entree-sortie.jpg\"><strong><mark style=\"background-color:rgba(0, 0, 0, 0)\" class=\"has-inline-color has-luminous-vivid-orange-color\">PHOTO<\/mark><\/strong><\/a><\/p>\n\n\n\n<p class=\"has-vivid-cyan-blue-color has-text-color has-medium-font-size\">10 - Activation de winpharma sur les postes en tapant le code d'acc\u00e8s <strong>'5555'<\/strong><\/p>\n\n\n\n<p class=\"has-black-color has-text-color has-medium-font-size\">11 - Ouverture du logiciel IMACASH sur le poste CASHGUARD<\/p>\n\n\n\n\n\n\n\n\n\n\n","protected":false},"excerpt":{"rendered":"<p>1 &#8211; D\u00e9verrouillage de la grille ext\u00e9rieure, 2 &#8211; Ouverture de la grille \u00e0 l&rsquo;aide de la cl\u00e9, 3 &#8211; Ouverture de la porte automatique \u00e0 l&rsquo;aide de la cl\u00e9, 4 &#8211; D\u00e9sactivation de l&rsquo;alarme : Sur la console taper&hellip; <\/p>\n","protected":false},"author":1,"featured_media":0,"parent":0,"menu_order":0,"comment_status":"closed","ping_status":"closed","template":"","meta":{"footnotes":""},"class_list":["post-219","page","type-page","status-publish","hentry"],"yoast_head":"<!-- This site is optimized with the Yoast SEO plugin v18.8 - https:\/\/yoast.com\/wordpress\/plugins\/seo\/ -->\n<title>Check list Ouverture de la pharmacie - Pharmacie Gare de Rueil<\/title>\n<meta name=\"robots\" content=\"index, follow, max-snippet:-1, max-image-preview:large, max-video-preview:-1\" \/>\n<link rel=\"canonical\" href=\"https:\/\/ipharmagare92.fr\/pharma\/check-list-ouverture-de-la-pharmacie\/\" \/>\n<meta property=\"og:locale\" content=\"fr_FR\" \/>\n<meta property=\"og:type\" content=\"article\" \/>\n<meta property=\"og:title\" content=\"Check list Ouverture de la pharmacie - Pharmacie Gare de Rueil\" \/>\n<meta property=\"og:description\" content=\"1 - D\u00e9verrouillage de la grille ext\u00e9rieure, 2 - Ouverture de la grille \u00e0 l&#039;aide de la cl\u00e9, 3 - Ouverture de la porte automatique \u00e0 l&#039;aide de la cl\u00e9, 4 - D\u00e9sactivation de l&#039;alarme : Sur la console taper&hellip;\" \/>\n<meta property=\"og:url\" content=\"https:\/\/ipharmagare92.fr\/pharma\/check-list-ouverture-de-la-pharmacie\/\" \/>\n<meta property=\"og:site_name\" content=\"Pharmacie Gare de Rueil\" \/>\n<meta property=\"article:modified_time\" content=\"2022-08-29T18:01:45+00:00\" \/>\n<meta name=\"twitter:label1\" content=\"Dur\u00e9e de lecture estim\u00e9e\" \/>\n\t<meta name=\"twitter:data1\" content=\"1 minute\" \/>\n<script type=\"application\/ld+json\" class=\"yoast-schema-graph\">{\"@context\":\"https:\/\/schema.org\",\"@graph\":[{\"@type\":\"WebSite\",\"@id\":\"https:\/\/ipharmagare92.fr\/pharma\/#website\",\"url\":\"https:\/\/ipharmagare92.fr\/pharma\/\",\"name\":\"Pharmacie Gare de Rueil\",\"description\":\"L&#039;intranet de ma pharmacie\",\"potentialAction\":[{\"@type\":\"SearchAction\",\"target\":{\"@type\":\"EntryPoint\",\"urlTemplate\":\"https:\/\/ipharmagare92.fr\/pharma\/?s={search_term_string}\"},\"query-input\":\"required name=search_term_string\"}],\"inLanguage\":\"fr-FR\"},{\"@type\":\"WebPage\",\"@id\":\"https:\/\/ipharmagare92.fr\/pharma\/check-list-ouverture-de-la-pharmacie\/#webpage\",\"url\":\"https:\/\/ipharmagare92.fr\/pharma\/check-list-ouverture-de-la-pharmacie\/\",\"name\":\"Check list Ouverture de la pharmacie - Pharmacie Gare de Rueil\",\"isPartOf\":{\"@id\":\"https:\/\/ipharmagare92.fr\/pharma\/#website\"},\"datePublished\":\"2022-07-26T14:59:27+00:00\",\"dateModified\":\"2022-08-29T18:01:45+00:00\",\"breadcrumb\":{\"@id\":\"https:\/\/ipharmagare92.fr\/pharma\/check-list-ouverture-de-la-pharmacie\/#breadcrumb\"},\"inLanguage\":\"fr-FR\",\"potentialAction\":[{\"@type\":\"ReadAction\",\"target\":[\"https:\/\/ipharmagare92.fr\/pharma\/check-list-ouverture-de-la-pharmacie\/\"]}]},{\"@type\":\"BreadcrumbList\",\"@id\":\"https:\/\/ipharmagare92.fr\/pharma\/check-list-ouverture-de-la-pharmacie\/#breadcrumb\",\"itemListElement\":[{\"@type\":\"ListItem\",\"position\":1,\"name\":\"Accueil\",\"item\":\"https:\/\/ipharmagare92.fr\/pharma\/\"},{\"@type\":\"ListItem\",\"position\":2,\"name\":\"Check list Ouverture de la pharmacie\"}]}]}<\/script>\n<!-- \/ Yoast SEO plugin. -->","yoast_head_json":{"title":"Check list Ouverture de la pharmacie - Pharmacie Gare de Rueil","robots":{"index":"index","follow":"follow","max-snippet":"max-snippet:-1","max-image-preview":"max-image-preview:large","max-video-preview":"max-video-preview:-1"},"canonical":"https:\/\/ipharmagare92.fr\/pharma\/check-list-ouverture-de-la-pharmacie\/","og_locale":"fr_FR","og_type":"article","og_title":"Check list Ouverture de la pharmacie - Pharmacie Gare de Rueil","og_description":"1 - D\u00e9verrouillage de la grille ext\u00e9rieure, 2 - Ouverture de la grille \u00e0 l'aide de la cl\u00e9, 3 - Ouverture de la porte automatique \u00e0 l'aide de la cl\u00e9, 4 - D\u00e9sactivation de l'alarme : Sur la console taper&hellip;","og_url":"https:\/\/ipharmagare92.fr\/pharma\/check-list-ouverture-de-la-pharmacie\/","og_site_name":"Pharmacie Gare de Rueil","article_modified_time":"2022-08-29T18:01:45+00:00","twitter_misc":{"Dur\u00e9e de lecture estim\u00e9e":"1 minute"},"schema":{"@context":"https:\/\/schema.org","@graph":[{"@type":"WebSite","@id":"https:\/\/ipharmagare92.fr\/pharma\/#website","url":"https:\/\/ipharmagare92.fr\/pharma\/","name":"Pharmacie Gare de Rueil","description":"L&#039;intranet de ma pharmacie","potentialAction":[{"@type":"SearchAction","target":{"@type":"EntryPoint","urlTemplate":"https:\/\/ipharmagare92.fr\/pharma\/?s={search_term_string}"},"query-input":"required name=search_term_string"}],"inLanguage":"fr-FR"},{"@type":"WebPage","@id":"https:\/\/ipharmagare92.fr\/pharma\/check-list-ouverture-de-la-pharmacie\/#webpage","url":"https:\/\/ipharmagare92.fr\/pharma\/check-list-ouverture-de-la-pharmacie\/","name":"Check list Ouverture de la pharmacie - Pharmacie Gare de Rueil","isPartOf":{"@id":"https:\/\/ipharmagare92.fr\/pharma\/#website"},"datePublished":"2022-07-26T14:59:27+00:00","dateModified":"2022-08-29T18:01:45+00:00","breadcrumb":{"@id":"https:\/\/ipharmagare92.fr\/pharma\/check-list-ouverture-de-la-pharmacie\/#breadcrumb"},"inLanguage":"fr-FR","potentialAction":[{"@type":"ReadAction","target":["https:\/\/ipharmagare92.fr\/pharma\/check-list-ouverture-de-la-pharmacie\/"]}]},{"@type":"BreadcrumbList","@id":"https:\/\/ipharmagare92.fr\/pharma\/check-list-ouverture-de-la-pharmacie\/#breadcrumb","itemListElement":[{"@type":"ListItem","position":1,"name":"Accueil","item":"https:\/\/ipharmagare92.fr\/pharma\/"},{"@type":"ListItem","position":2,"name":"Check list Ouverture de la pharmacie"}]}]}},"_links":{"self":[{"href":"https:\/\/ipharmagare92.fr\/pharma\/wp-json\/wp\/v2\/pages\/219","targetHints":{"allow":["GET"]}}],"collection":[{"href":"https:\/\/ipharmagare92.fr\/pharma\/wp-json\/wp\/v2\/pages"}],"about":[{"href":"https:\/\/ipharmagare92.fr\/pharma\/wp-json\/wp\/v2\/types\/page"}],"author":[{"embeddable":true,"href":"https:\/\/ipharmagare92.fr\/pharma\/wp-json\/wp\/v2\/users\/1"}],"replies":[{"embeddable":true,"href":"https:\/\/ipharmagare92.fr\/pharma\/wp-json\/wp\/v2\/comments?post=219"}],"version-history":[{"count":10,"href":"https:\/\/ipharmagare92.fr\/pharma\/wp-json\/wp\/v2\/pages\/219\/revisions"}],"predecessor-version":[{"id":430,"href":"https:\/\/ipharmagare92.fr\/pharma\/wp-json\/wp\/v2\/pages\/219\/revisions\/430"}],"wp:attachment":[{"href":"https:\/\/ipharmagare92.fr\/pharma\/wp-json\/wp\/v2\/media?parent=219"}],"curies":[{"name":"wp","href":"https:\/\/api.w.org\/{rel}","templated":true}]}}