{"id":224,"date":"2022-07-26T16:14:55","date_gmt":"2022-07-26T15:14:55","guid":{"rendered":"https:\/\/ipharmagare92.fr\/pharma\/?page_id=224"},"modified":"2022-10-31T16:35:41","modified_gmt":"2022-10-31T15:35:41","slug":"check-list-fermeture-de-la-pharmacie","status":"publish","type":"page","link":"https:\/\/ipharmagare92.fr\/pharma\/check-list-fermeture-de-la-pharmacie\/","title":{"rendered":"Check list fermeture de la pharmacie"},"content":{"rendered":"<div class='printomatic pom-default ' id='id188' alt='Cliquer pour imprimer' title='Cliquer pour imprimer' data-print_target='article'><\/div> <div class='printomatictext' id='id188' alt='Cliquer pour imprimer' title='Cliquer pour imprimer' data-print_target='article'>Cliquer pour imprimer<\/div><div style='clear: both;'><\/div>\n\n\n\n<p class=\"has-medium-font-size\">1 - Passage des commandes  : Proc\u00e9dure <strong><mark style=\"background-color:rgba(0, 0, 0, 0)\" class=\"has-inline-color has-luminous-vivid-orange-color\"><a href=\"https:\/\/ipharmagare92.fr\/pharma\/wp-content\/uploads\/2022\/07\/preparation-commandes-grossistes.mp4\">ICI<\/a><\/mark><\/strong><\/p>\n\n\n\n<p class=\"has-vivid-cyan-blue-color has-text-color has-medium-font-size\">2 - T\u00e9l\u00e9transmission des dossiers de tiers payant sur le poste serveur : <strong><a href=\"https:\/\/ipharmagare92.fr\/pharma\/wp-content\/uploads\/2022\/07\/teletransmission.mp4\" target=\"_blank\" rel=\"noreferrer noopener\"><mark style=\"background-color:rgba(0, 0, 0, 0)\" class=\"has-inline-color has-luminous-vivid-orange-color\">VIDEO<\/mark><\/a><\/strong><\/p>\n\n\n\n<p class=\"has-medium-font-size\">3 - Apr\u00e8s le dernier client passage de la porte en mode 'sortie seule' sur la t\u00e9l\u00e9commande : <strong><a href=\"https:\/\/ipharmagare92.fr\/pharma\/wp-content\/uploads\/2022\/07\/porte-avant-fermeture.jpg\"><mark style=\"background-color:rgba(0, 0, 0, 0)\" class=\"has-inline-color has-luminous-vivid-orange-color\">PHOTO<\/mark><\/a><\/strong><\/p>\n\n\n\n<p class=\"has-vivid-cyan-blue-color has-text-color has-medium-font-size\">4 - Extinction des lumi\u00e8res au compteur : <a href=\"https:\/\/ipharmagare92.fr\/pharma\/wp-content\/uploads\/2022\/07\/compteur-off-scaled.jpg\"><strong><mark style=\"background-color:rgba(0, 0, 0, 0)\" class=\"has-inline-color has-luminous-vivid-orange-color\">PHOTO<\/mark><\/strong><\/a><\/p>\n\n\n\n<p class=\"has-medium-font-size\">5 - Fermeture du logiciel IMACASH en cliquant sur la croix en haut \u00e0 droite puis click droit sur le logo WINDOWS en bas \u00e0 gauche pour arreter l'ordinateur : <strong><mark style=\"background-color:rgba(0, 0, 0, 0)\" class=\"has-inline-color has-luminous-vivid-orange-color\"><a href=\"https:\/\/ipharmagare92.fr\/pharma\/wp-content\/uploads\/2022\/07\/imacash-scaled.jpg\">PHOTO<\/a><\/mark><\/strong><\/p>\n\n\n\n<p class=\"has-vivid-cyan-blue-color has-text-color has-medium-font-size\">6 - Lancement de la t\u00e2che 'FIN DE JOURNEE' sur le poste serveur : <strong><mark style=\"background-color:rgba(0, 0, 0, 0)\" class=\"has-inline-color has-luminous-vivid-orange-color\"><a href=\"https:\/\/ipharmagare92.fr\/pharma\/wp-content\/uploads\/2022\/07\/fin-de-journee-scaled.jpg\">PHOTO<\/a><\/mark><\/strong><\/p>\n\n\n\n<p class=\"has-medium-font-size\">7 - Extinction des lumi\u00e8res du back office \u00e0 l'aide des interrupteurs au pied de l'escalier,<\/p>\n\n\n\n<p class=\"has-vivid-cyan-blue-color has-text-color has-medium-font-size\">8 - Armement de l'alarme : Sur la console taper distinctement les 4 chiffres puis YES. Un bip retentit et le message 'alarme arm\u00e9e' s'affiche,<\/p>\n\n\n\n<p class=\"has-medium-font-size\">9 - Sortie en appuyant 1 fois sur la touche lune de la t\u00e9l\u00e9commande : <strong><a href=\"https:\/\/ipharmagare92.fr\/pharma\/wp-content\/uploads\/2022\/07\/porte-mode-nuit.jpg\"><mark style=\"background-color:rgba(0, 0, 0, 0)\" class=\"has-inline-color has-luminous-vivid-orange-color\">PHOTO<\/mark><\/a><\/strong><\/p>\n\n\n\n<p class=\"has-vivid-cyan-blue-color has-text-color has-medium-font-size\">10 - Un claquement de la porte automatique confirme la bonne fermeture de celle-ci,<\/p>\n\n\n\n<p class=\"has-medium-font-size\">11 - Fermeture de la grille ext\u00e9rieure \u00e0 l'aide de la cl\u00e9,<\/p>\n\n\n\n<p class=\"has-vivid-cyan-blue-color has-text-color has-medium-font-size\">10 - Verrouillage de la grille \u00e0 l'aide de la cl\u00e9.<\/p>\n\n\n\n<p class=\"has-medium-font-size\"><\/p>\n\n\n","protected":false},"excerpt":{"rendered":"<p>1 &#8211; Passage des commandes : Proc\u00e9dure ICI 2 &#8211; T\u00e9l\u00e9transmission des dossiers de tiers payant sur le poste serveur : VIDEO 3 &#8211; Apr\u00e8s le dernier client passage de la porte en mode &lsquo;sortie seule&rsquo; sur la t\u00e9l\u00e9commande :&hellip; <\/p>\n","protected":false},"author":1,"featured_media":0,"parent":0,"menu_order":0,"comment_status":"closed","ping_status":"closed","template":"","meta":{"footnotes":""},"class_list":["post-224","page","type-page","status-publish","hentry"],"yoast_head":"<!-- This site is optimized with the Yoast SEO plugin v18.8 - https:\/\/yoast.com\/wordpress\/plugins\/seo\/ -->\n<title>Check list fermeture de la pharmacie - Pharmacie Gare de Rueil<\/title>\n<meta name=\"robots\" content=\"index, follow, max-snippet:-1, max-image-preview:large, max-video-preview:-1\" \/>\n<link rel=\"canonical\" href=\"https:\/\/ipharmagare92.fr\/pharma\/check-list-fermeture-de-la-pharmacie\/\" \/>\n<meta property=\"og:locale\" content=\"fr_FR\" \/>\n<meta property=\"og:type\" content=\"article\" \/>\n<meta property=\"og:title\" content=\"Check list fermeture de la pharmacie - Pharmacie Gare de Rueil\" \/>\n<meta property=\"og:description\" content=\"1 - Passage des commandes : Proc\u00e9dure ICI 2 - T\u00e9l\u00e9transmission des dossiers de tiers payant sur le poste serveur : VIDEO 3 - Apr\u00e8s le dernier client passage de la porte en mode &#039;sortie seule&#039; sur la t\u00e9l\u00e9commande :&hellip;\" \/>\n<meta property=\"og:url\" content=\"https:\/\/ipharmagare92.fr\/pharma\/check-list-fermeture-de-la-pharmacie\/\" \/>\n<meta property=\"og:site_name\" content=\"Pharmacie Gare de Rueil\" \/>\n<meta property=\"article:modified_time\" content=\"2022-10-31T15:35:41+00:00\" \/>\n<meta name=\"twitter:label1\" content=\"Dur\u00e9e de lecture estim\u00e9e\" \/>\n\t<meta name=\"twitter:data1\" content=\"1 minute\" \/>\n<script type=\"application\/ld+json\" class=\"yoast-schema-graph\">{\"@context\":\"https:\/\/schema.org\",\"@graph\":[{\"@type\":\"WebSite\",\"@id\":\"https:\/\/ipharmagare92.fr\/pharma\/#website\",\"url\":\"https:\/\/ipharmagare92.fr\/pharma\/\",\"name\":\"Pharmacie Gare de Rueil\",\"description\":\"L&#039;intranet de ma pharmacie\",\"potentialAction\":[{\"@type\":\"SearchAction\",\"target\":{\"@type\":\"EntryPoint\",\"urlTemplate\":\"https:\/\/ipharmagare92.fr\/pharma\/?s={search_term_string}\"},\"query-input\":\"required name=search_term_string\"}],\"inLanguage\":\"fr-FR\"},{\"@type\":\"WebPage\",\"@id\":\"https:\/\/ipharmagare92.fr\/pharma\/check-list-fermeture-de-la-pharmacie\/#webpage\",\"url\":\"https:\/\/ipharmagare92.fr\/pharma\/check-list-fermeture-de-la-pharmacie\/\",\"name\":\"Check list fermeture de la pharmacie - Pharmacie Gare de Rueil\",\"isPartOf\":{\"@id\":\"https:\/\/ipharmagare92.fr\/pharma\/#website\"},\"datePublished\":\"2022-07-26T15:14:55+00:00\",\"dateModified\":\"2022-10-31T15:35:41+00:00\",\"breadcrumb\":{\"@id\":\"https:\/\/ipharmagare92.fr\/pharma\/check-list-fermeture-de-la-pharmacie\/#breadcrumb\"},\"inLanguage\":\"fr-FR\",\"potentialAction\":[{\"@type\":\"ReadAction\",\"target\":[\"https:\/\/ipharmagare92.fr\/pharma\/check-list-fermeture-de-la-pharmacie\/\"]}]},{\"@type\":\"BreadcrumbList\",\"@id\":\"https:\/\/ipharmagare92.fr\/pharma\/check-list-fermeture-de-la-pharmacie\/#breadcrumb\",\"itemListElement\":[{\"@type\":\"ListItem\",\"position\":1,\"name\":\"Accueil\",\"item\":\"https:\/\/ipharmagare92.fr\/pharma\/\"},{\"@type\":\"ListItem\",\"position\":2,\"name\":\"Check list fermeture de la pharmacie\"}]}]}<\/script>\n<!-- \/ Yoast SEO plugin. -->","yoast_head_json":{"title":"Check list fermeture de la pharmacie - Pharmacie Gare de Rueil","robots":{"index":"index","follow":"follow","max-snippet":"max-snippet:-1","max-image-preview":"max-image-preview:large","max-video-preview":"max-video-preview:-1"},"canonical":"https:\/\/ipharmagare92.fr\/pharma\/check-list-fermeture-de-la-pharmacie\/","og_locale":"fr_FR","og_type":"article","og_title":"Check list fermeture de la pharmacie - Pharmacie Gare de Rueil","og_description":"1 - Passage des commandes : Proc\u00e9dure ICI 2 - T\u00e9l\u00e9transmission des dossiers de tiers payant sur le poste serveur : VIDEO 3 - Apr\u00e8s le dernier client passage de la porte en mode 'sortie seule' sur la t\u00e9l\u00e9commande :&hellip;","og_url":"https:\/\/ipharmagare92.fr\/pharma\/check-list-fermeture-de-la-pharmacie\/","og_site_name":"Pharmacie Gare de Rueil","article_modified_time":"2022-10-31T15:35:41+00:00","twitter_misc":{"Dur\u00e9e de lecture estim\u00e9e":"1 minute"},"schema":{"@context":"https:\/\/schema.org","@graph":[{"@type":"WebSite","@id":"https:\/\/ipharmagare92.fr\/pharma\/#website","url":"https:\/\/ipharmagare92.fr\/pharma\/","name":"Pharmacie Gare de Rueil","description":"L&#039;intranet de ma pharmacie","potentialAction":[{"@type":"SearchAction","target":{"@type":"EntryPoint","urlTemplate":"https:\/\/ipharmagare92.fr\/pharma\/?s={search_term_string}"},"query-input":"required name=search_term_string"}],"inLanguage":"fr-FR"},{"@type":"WebPage","@id":"https:\/\/ipharmagare92.fr\/pharma\/check-list-fermeture-de-la-pharmacie\/#webpage","url":"https:\/\/ipharmagare92.fr\/pharma\/check-list-fermeture-de-la-pharmacie\/","name":"Check list fermeture de la pharmacie - Pharmacie Gare de Rueil","isPartOf":{"@id":"https:\/\/ipharmagare92.fr\/pharma\/#website"},"datePublished":"2022-07-26T15:14:55+00:00","dateModified":"2022-10-31T15:35:41+00:00","breadcrumb":{"@id":"https:\/\/ipharmagare92.fr\/pharma\/check-list-fermeture-de-la-pharmacie\/#breadcrumb"},"inLanguage":"fr-FR","potentialAction":[{"@type":"ReadAction","target":["https:\/\/ipharmagare92.fr\/pharma\/check-list-fermeture-de-la-pharmacie\/"]}]},{"@type":"BreadcrumbList","@id":"https:\/\/ipharmagare92.fr\/pharma\/check-list-fermeture-de-la-pharmacie\/#breadcrumb","itemListElement":[{"@type":"ListItem","position":1,"name":"Accueil","item":"https:\/\/ipharmagare92.fr\/pharma\/"},{"@type":"ListItem","position":2,"name":"Check list fermeture de la pharmacie"}]}]}},"_links":{"self":[{"href":"https:\/\/ipharmagare92.fr\/pharma\/wp-json\/wp\/v2\/pages\/224","targetHints":{"allow":["GET"]}}],"collection":[{"href":"https:\/\/ipharmagare92.fr\/pharma\/wp-json\/wp\/v2\/pages"}],"about":[{"href":"https:\/\/ipharmagare92.fr\/pharma\/wp-json\/wp\/v2\/types\/page"}],"author":[{"embeddable":true,"href":"https:\/\/ipharmagare92.fr\/pharma\/wp-json\/wp\/v2\/users\/1"}],"replies":[{"embeddable":true,"href":"https:\/\/ipharmagare92.fr\/pharma\/wp-json\/wp\/v2\/comments?post=224"}],"version-history":[{"count":9,"href":"https:\/\/ipharmagare92.fr\/pharma\/wp-json\/wp\/v2\/pages\/224\/revisions"}],"predecessor-version":[{"id":489,"href":"https:\/\/ipharmagare92.fr\/pharma\/wp-json\/wp\/v2\/pages\/224\/revisions\/489"}],"wp:attachment":[{"href":"https:\/\/ipharmagare92.fr\/pharma\/wp-json\/wp\/v2\/media?parent=224"}],"curies":[{"name":"wp","href":"https:\/\/api.w.org\/{rel}","templated":true}]}}