{"id":312,"date":"2022-08-02T11:23:29","date_gmt":"2022-08-02T10:23:29","guid":{"rendered":"https:\/\/ipharmagare92.fr\/pharma\/?page_id=312"},"modified":"2022-08-02T11:23:32","modified_gmt":"2022-08-02T10:23:32","slug":"encaissement-manuel-cashguard","status":"publish","type":"page","link":"https:\/\/ipharmagare92.fr\/pharma\/encaissement-manuel-cashguard\/","title":{"rendered":"Encaissement manuel Cashguard"},"content":{"rendered":"\n<p class=\"has-medium-font-size\">Retrouvez<mark style=\"background-color:rgba(0, 0, 0, 0)\" class=\"has-inline-color has-luminous-vivid-orange-color\"> <strong><a href=\"https:\/\/ipharmagare92.fr\/pharma\/wp-content\/uploads\/2022\/08\/WhatsApp-Video-2022-08-02-at-12.08.22.mp4\">ICI<\/a> <\/strong><\/mark>la vid\u00e9o pour encaisser manuellement sur Cashguard... quand l'encaissement sur Winpharma a \u00e9t\u00e9 pass\u00e9 par erreur en CB.<br><br><mark style=\"background-color:rgba(0, 0, 0, 0)\" class=\"has-inline-color has-vivid-red-color\"><strong>Attention, laisser une note dans quelque part pour que le changement de mode d'encaissement soit effectu\u00e9 \u00e0 post\u00e9riori<\/strong><\/mark><\/p>\n\n\n","protected":false},"excerpt":{"rendered":"<p>Retrouvez ICI la vid\u00e9o pour encaisser manuellement sur Cashguard&#8230; quand l&rsquo;encaissement sur Winpharma a \u00e9t\u00e9 pass\u00e9 par erreur en CB. Attention, laisser une note dans quelque part pour que le changement de mode d&rsquo;encaissement soit effectu\u00e9 \u00e0 post\u00e9riori<\/p>\n","protected":false},"author":1,"featured_media":0,"parent":0,"menu_order":0,"comment_status":"closed","ping_status":"closed","template":"","meta":{"footnotes":""},"class_list":["post-312","page","type-page","status-publish","hentry"],"yoast_head":"<!-- This site is optimized with the Yoast SEO plugin v18.8 - https:\/\/yoast.com\/wordpress\/plugins\/seo\/ -->\n<title>Encaissement manuel Cashguard - Pharmacie Gare de Rueil<\/title>\n<meta name=\"robots\" content=\"index, follow, max-snippet:-1, max-image-preview:large, max-video-preview:-1\" \/>\n<link rel=\"canonical\" href=\"https:\/\/ipharmagare92.fr\/pharma\/encaissement-manuel-cashguard\/\" \/>\n<meta property=\"og:locale\" content=\"fr_FR\" \/>\n<meta property=\"og:type\" content=\"article\" \/>\n<meta property=\"og:title\" content=\"Encaissement manuel Cashguard - Pharmacie Gare de Rueil\" \/>\n<meta property=\"og:description\" content=\"Retrouvez ICI la vid\u00e9o pour encaisser manuellement sur Cashguard... quand l&#039;encaissement sur Winpharma a \u00e9t\u00e9 pass\u00e9 par erreur en CB. Attention, laisser une note dans quelque part pour que le changement de mode d&#039;encaissement soit effectu\u00e9 \u00e0 post\u00e9riori\" \/>\n<meta property=\"og:url\" content=\"https:\/\/ipharmagare92.fr\/pharma\/encaissement-manuel-cashguard\/\" \/>\n<meta property=\"og:site_name\" content=\"Pharmacie Gare de Rueil\" \/>\n<meta property=\"article:modified_time\" content=\"2022-08-02T10:23:32+00:00\" \/>\n<meta name=\"twitter:label1\" content=\"Dur\u00e9e de lecture estim\u00e9e\" \/>\n\t<meta name=\"twitter:data1\" content=\"1 minute\" \/>\n<script type=\"application\/ld+json\" class=\"yoast-schema-graph\">{\"@context\":\"https:\/\/schema.org\",\"@graph\":[{\"@type\":\"WebSite\",\"@id\":\"https:\/\/ipharmagare92.fr\/pharma\/#website\",\"url\":\"https:\/\/ipharmagare92.fr\/pharma\/\",\"name\":\"Pharmacie Gare de Rueil\",\"description\":\"L&#039;intranet de ma pharmacie\",\"potentialAction\":[{\"@type\":\"SearchAction\",\"target\":{\"@type\":\"EntryPoint\",\"urlTemplate\":\"https:\/\/ipharmagare92.fr\/pharma\/?s={search_term_string}\"},\"query-input\":\"required name=search_term_string\"}],\"inLanguage\":\"fr-FR\"},{\"@type\":\"WebPage\",\"@id\":\"https:\/\/ipharmagare92.fr\/pharma\/encaissement-manuel-cashguard\/#webpage\",\"url\":\"https:\/\/ipharmagare92.fr\/pharma\/encaissement-manuel-cashguard\/\",\"name\":\"Encaissement manuel Cashguard - Pharmacie Gare de Rueil\",\"isPartOf\":{\"@id\":\"https:\/\/ipharmagare92.fr\/pharma\/#website\"},\"datePublished\":\"2022-08-02T10:23:29+00:00\",\"dateModified\":\"2022-08-02T10:23:32+00:00\",\"breadcrumb\":{\"@id\":\"https:\/\/ipharmagare92.fr\/pharma\/encaissement-manuel-cashguard\/#breadcrumb\"},\"inLanguage\":\"fr-FR\",\"potentialAction\":[{\"@type\":\"ReadAction\",\"target\":[\"https:\/\/ipharmagare92.fr\/pharma\/encaissement-manuel-cashguard\/\"]}]},{\"@type\":\"BreadcrumbList\",\"@id\":\"https:\/\/ipharmagare92.fr\/pharma\/encaissement-manuel-cashguard\/#breadcrumb\",\"itemListElement\":[{\"@type\":\"ListItem\",\"position\":1,\"name\":\"Accueil\",\"item\":\"https:\/\/ipharmagare92.fr\/pharma\/\"},{\"@type\":\"ListItem\",\"position\":2,\"name\":\"Encaissement manuel Cashguard\"}]}]}<\/script>\n<!-- \/ Yoast SEO plugin. -->","yoast_head_json":{"title":"Encaissement manuel Cashguard - Pharmacie Gare de Rueil","robots":{"index":"index","follow":"follow","max-snippet":"max-snippet:-1","max-image-preview":"max-image-preview:large","max-video-preview":"max-video-preview:-1"},"canonical":"https:\/\/ipharmagare92.fr\/pharma\/encaissement-manuel-cashguard\/","og_locale":"fr_FR","og_type":"article","og_title":"Encaissement manuel Cashguard - Pharmacie Gare de Rueil","og_description":"Retrouvez ICI la vid\u00e9o pour encaisser manuellement sur Cashguard... quand l'encaissement sur Winpharma a \u00e9t\u00e9 pass\u00e9 par erreur en CB. Attention, laisser une note dans quelque part pour que le changement de mode d'encaissement soit effectu\u00e9 \u00e0 post\u00e9riori","og_url":"https:\/\/ipharmagare92.fr\/pharma\/encaissement-manuel-cashguard\/","og_site_name":"Pharmacie Gare de Rueil","article_modified_time":"2022-08-02T10:23:32+00:00","twitter_misc":{"Dur\u00e9e de lecture estim\u00e9e":"1 minute"},"schema":{"@context":"https:\/\/schema.org","@graph":[{"@type":"WebSite","@id":"https:\/\/ipharmagare92.fr\/pharma\/#website","url":"https:\/\/ipharmagare92.fr\/pharma\/","name":"Pharmacie Gare de Rueil","description":"L&#039;intranet de ma pharmacie","potentialAction":[{"@type":"SearchAction","target":{"@type":"EntryPoint","urlTemplate":"https:\/\/ipharmagare92.fr\/pharma\/?s={search_term_string}"},"query-input":"required name=search_term_string"}],"inLanguage":"fr-FR"},{"@type":"WebPage","@id":"https:\/\/ipharmagare92.fr\/pharma\/encaissement-manuel-cashguard\/#webpage","url":"https:\/\/ipharmagare92.fr\/pharma\/encaissement-manuel-cashguard\/","name":"Encaissement manuel Cashguard - Pharmacie Gare de Rueil","isPartOf":{"@id":"https:\/\/ipharmagare92.fr\/pharma\/#website"},"datePublished":"2022-08-02T10:23:29+00:00","dateModified":"2022-08-02T10:23:32+00:00","breadcrumb":{"@id":"https:\/\/ipharmagare92.fr\/pharma\/encaissement-manuel-cashguard\/#breadcrumb"},"inLanguage":"fr-FR","potentialAction":[{"@type":"ReadAction","target":["https:\/\/ipharmagare92.fr\/pharma\/encaissement-manuel-cashguard\/"]}]},{"@type":"BreadcrumbList","@id":"https:\/\/ipharmagare92.fr\/pharma\/encaissement-manuel-cashguard\/#breadcrumb","itemListElement":[{"@type":"ListItem","position":1,"name":"Accueil","item":"https:\/\/ipharmagare92.fr\/pharma\/"},{"@type":"ListItem","position":2,"name":"Encaissement manuel Cashguard"}]}]}},"_links":{"self":[{"href":"https:\/\/ipharmagare92.fr\/pharma\/wp-json\/wp\/v2\/pages\/312","targetHints":{"allow":["GET"]}}],"collection":[{"href":"https:\/\/ipharmagare92.fr\/pharma\/wp-json\/wp\/v2\/pages"}],"about":[{"href":"https:\/\/ipharmagare92.fr\/pharma\/wp-json\/wp\/v2\/types\/page"}],"author":[{"embeddable":true,"href":"https:\/\/ipharmagare92.fr\/pharma\/wp-json\/wp\/v2\/users\/1"}],"replies":[{"embeddable":true,"href":"https:\/\/ipharmagare92.fr\/pharma\/wp-json\/wp\/v2\/comments?post=312"}],"version-history":[{"count":1,"href":"https:\/\/ipharmagare92.fr\/pharma\/wp-json\/wp\/v2\/pages\/312\/revisions"}],"predecessor-version":[{"id":315,"href":"https:\/\/ipharmagare92.fr\/pharma\/wp-json\/wp\/v2\/pages\/312\/revisions\/315"}],"wp:attachment":[{"href":"https:\/\/ipharmagare92.fr\/pharma\/wp-json\/wp\/v2\/media?parent=312"}],"curies":[{"name":"wp","href":"https:\/\/api.w.org\/{rel}","templated":true}]}}