{"id":317,"date":"2022-08-02T16:15:20","date_gmt":"2022-08-02T15:15:20","guid":{"rendered":"https:\/\/ipharmagare92.fr\/pharma\/?page_id=317"},"modified":"2022-08-03T09:03:43","modified_gmt":"2022-08-03T08:03:43","slug":"debut-de-location","status":"publish","type":"page","link":"https:\/\/ipharmagare92.fr\/pharma\/debut-de-location\/","title":{"rendered":"D\u00e9but de location"},"content":{"rendered":"\n<p class=\"has-cyan-bluish-gray-background-color has-background has-medium-font-size\">Voici les \u00e9tapes lors du d\u00e9marrage de location de mat\u00e9riel m\u00e9dical : <\/p>\n\n\n\n<p class=\"has-medium-font-size\">1 - Remplir la feuille \"Coordonn\u00e9es du patient\" : Exemplaire<strong><a href=\"https:\/\/ipharmagare92.fr\/pharma\/wp-content\/uploads\/2022\/08\/CCF02082022_0001-2.pdf\" target=\"_blank\" rel=\"noreferrer noopener\"> <mark style=\"background-color:rgba(0, 0, 0, 0)\" class=\"has-inline-color has-luminous-vivid-orange-color\">ICI<\/mark><\/a><\/strong><\/p>\n\n\n\n<p class=\"has-small-font-size\">(<em>Cette \u00e9taoe est tr\u00e8s importante puisque ce document servira de trace \u00e0 toutes les \u00e9tapes de la location et il sera utilis\u00e9 pour joindre le patient \u00e0 tout moment.<\/em>)<\/p>\n\n\n\n<p class=\"has-medium-font-size\">2 - Agrafer \u00e0 la fiche patient le ch\u00e8que de caution adapt\u00e9 au mat\u00e9riel m\u00e9dical lou\u00e9 : Retrouvez <a href=\"https:\/\/ipharmagare92.fr\/pharma\/wp-content\/uploads\/2022\/08\/CCF02082022.pdf\" target=\"_blank\" rel=\"noreferrer noopener\"><mark style=\"background-color:rgba(0, 0, 0, 0)\" class=\"has-inline-color has-luminous-vivid-orange-color\"><strong>ICI<\/strong><\/mark><\/a> les tarifs de caution<\/p>\n\n\n\n<p class=\"has-medium-font-size\"><mark style=\"background-color:rgba(0, 0, 0, 0)\" class=\"has-inline-color has-vivid-cyan-blue-color\">3 - Appeler ABM (t\u00e9l\u00e9phone et code client<\/mark><mark style=\"background-color:rgba(0, 0, 0, 0)\" class=\"has-inline-color has-luminous-vivid-orange-color\"> <strong><a href=\"https:\/\/ipharmagare92.fr\/pharma\/depannage-numeros-durgence\/\">ICI<\/a><\/strong><\/mark><mark style=\"background-color:rgba(0, 0, 0, 0)\" class=\"has-inline-color has-vivid-cyan-blue-color\">) pour passer la commande<\/mark><\/p>\n\n\n\n<p class=\"has-medium-font-size\">4 - Ne facturer que les accessoires (ex : Kitet lors de la location d'un tire-lait, forfait de mise \u00e0 disposition, etc...)<br><\/p>\n\n\n","protected":false},"excerpt":{"rendered":"<p>Voici les \u00e9tapes lors du d\u00e9marrage de location de mat\u00e9riel m\u00e9dical : 1 &#8211; Remplir la feuille \u00ab\u00a0Coordonn\u00e9es du patient\u00a0\u00bb : Exemplaire ICI (Cette \u00e9taoe est tr\u00e8s importante puisque ce document servira de trace \u00e0 toutes les \u00e9tapes de la&hellip; <\/p>\n","protected":false},"author":1,"featured_media":0,"parent":0,"menu_order":0,"comment_status":"closed","ping_status":"closed","template":"","meta":{"footnotes":""},"class_list":["post-317","page","type-page","status-publish","hentry"],"yoast_head":"<!-- This site is optimized with the Yoast SEO plugin v18.8 - https:\/\/yoast.com\/wordpress\/plugins\/seo\/ -->\n<title>D\u00e9but de location - Pharmacie Gare de Rueil<\/title>\n<meta name=\"robots\" content=\"index, follow, max-snippet:-1, max-image-preview:large, max-video-preview:-1\" \/>\n<link rel=\"canonical\" href=\"https:\/\/ipharmagare92.fr\/pharma\/debut-de-location\/\" \/>\n<meta property=\"og:locale\" content=\"fr_FR\" \/>\n<meta property=\"og:type\" content=\"article\" \/>\n<meta property=\"og:title\" content=\"D\u00e9but de location - Pharmacie Gare de Rueil\" \/>\n<meta property=\"og:description\" content=\"Voici les \u00e9tapes lors du d\u00e9marrage de location de mat\u00e9riel m\u00e9dical : 1 - Remplir la feuille &quot;Coordonn\u00e9es du patient&quot; : Exemplaire ICI (Cette \u00e9taoe est tr\u00e8s importante puisque ce document servira de trace \u00e0 toutes les \u00e9tapes de la&hellip;\" \/>\n<meta property=\"og:url\" content=\"https:\/\/ipharmagare92.fr\/pharma\/debut-de-location\/\" \/>\n<meta property=\"og:site_name\" content=\"Pharmacie Gare de Rueil\" \/>\n<meta property=\"article:modified_time\" content=\"2022-08-03T08:03:43+00:00\" \/>\n<meta name=\"twitter:label1\" content=\"Dur\u00e9e de lecture estim\u00e9e\" \/>\n\t<meta name=\"twitter:data1\" content=\"1 minute\" \/>\n<script type=\"application\/ld+json\" class=\"yoast-schema-graph\">{\"@context\":\"https:\/\/schema.org\",\"@graph\":[{\"@type\":\"WebSite\",\"@id\":\"https:\/\/ipharmagare92.fr\/pharma\/#website\",\"url\":\"https:\/\/ipharmagare92.fr\/pharma\/\",\"name\":\"Pharmacie Gare de Rueil\",\"description\":\"L&#039;intranet de ma pharmacie\",\"potentialAction\":[{\"@type\":\"SearchAction\",\"target\":{\"@type\":\"EntryPoint\",\"urlTemplate\":\"https:\/\/ipharmagare92.fr\/pharma\/?s={search_term_string}\"},\"query-input\":\"required name=search_term_string\"}],\"inLanguage\":\"fr-FR\"},{\"@type\":\"WebPage\",\"@id\":\"https:\/\/ipharmagare92.fr\/pharma\/debut-de-location\/#webpage\",\"url\":\"https:\/\/ipharmagare92.fr\/pharma\/debut-de-location\/\",\"name\":\"D\u00e9but de location - Pharmacie Gare de Rueil\",\"isPartOf\":{\"@id\":\"https:\/\/ipharmagare92.fr\/pharma\/#website\"},\"datePublished\":\"2022-08-02T15:15:20+00:00\",\"dateModified\":\"2022-08-03T08:03:43+00:00\",\"breadcrumb\":{\"@id\":\"https:\/\/ipharmagare92.fr\/pharma\/debut-de-location\/#breadcrumb\"},\"inLanguage\":\"fr-FR\",\"potentialAction\":[{\"@type\":\"ReadAction\",\"target\":[\"https:\/\/ipharmagare92.fr\/pharma\/debut-de-location\/\"]}]},{\"@type\":\"BreadcrumbList\",\"@id\":\"https:\/\/ipharmagare92.fr\/pharma\/debut-de-location\/#breadcrumb\",\"itemListElement\":[{\"@type\":\"ListItem\",\"position\":1,\"name\":\"Accueil\",\"item\":\"https:\/\/ipharmagare92.fr\/pharma\/\"},{\"@type\":\"ListItem\",\"position\":2,\"name\":\"D\u00e9but de location\"}]}]}<\/script>\n<!-- \/ Yoast SEO plugin. -->","yoast_head_json":{"title":"D\u00e9but de location - Pharmacie Gare de Rueil","robots":{"index":"index","follow":"follow","max-snippet":"max-snippet:-1","max-image-preview":"max-image-preview:large","max-video-preview":"max-video-preview:-1"},"canonical":"https:\/\/ipharmagare92.fr\/pharma\/debut-de-location\/","og_locale":"fr_FR","og_type":"article","og_title":"D\u00e9but de location - Pharmacie Gare de Rueil","og_description":"Voici les \u00e9tapes lors du d\u00e9marrage de location de mat\u00e9riel m\u00e9dical : 1 - Remplir la feuille \"Coordonn\u00e9es du patient\" : Exemplaire ICI (Cette \u00e9taoe est tr\u00e8s importante puisque ce document servira de trace \u00e0 toutes les \u00e9tapes de la&hellip;","og_url":"https:\/\/ipharmagare92.fr\/pharma\/debut-de-location\/","og_site_name":"Pharmacie Gare de Rueil","article_modified_time":"2022-08-03T08:03:43+00:00","twitter_misc":{"Dur\u00e9e de lecture estim\u00e9e":"1 minute"},"schema":{"@context":"https:\/\/schema.org","@graph":[{"@type":"WebSite","@id":"https:\/\/ipharmagare92.fr\/pharma\/#website","url":"https:\/\/ipharmagare92.fr\/pharma\/","name":"Pharmacie Gare de Rueil","description":"L&#039;intranet de ma pharmacie","potentialAction":[{"@type":"SearchAction","target":{"@type":"EntryPoint","urlTemplate":"https:\/\/ipharmagare92.fr\/pharma\/?s={search_term_string}"},"query-input":"required name=search_term_string"}],"inLanguage":"fr-FR"},{"@type":"WebPage","@id":"https:\/\/ipharmagare92.fr\/pharma\/debut-de-location\/#webpage","url":"https:\/\/ipharmagare92.fr\/pharma\/debut-de-location\/","name":"D\u00e9but de location - Pharmacie Gare de Rueil","isPartOf":{"@id":"https:\/\/ipharmagare92.fr\/pharma\/#website"},"datePublished":"2022-08-02T15:15:20+00:00","dateModified":"2022-08-03T08:03:43+00:00","breadcrumb":{"@id":"https:\/\/ipharmagare92.fr\/pharma\/debut-de-location\/#breadcrumb"},"inLanguage":"fr-FR","potentialAction":[{"@type":"ReadAction","target":["https:\/\/ipharmagare92.fr\/pharma\/debut-de-location\/"]}]},{"@type":"BreadcrumbList","@id":"https:\/\/ipharmagare92.fr\/pharma\/debut-de-location\/#breadcrumb","itemListElement":[{"@type":"ListItem","position":1,"name":"Accueil","item":"https:\/\/ipharmagare92.fr\/pharma\/"},{"@type":"ListItem","position":2,"name":"D\u00e9but de location"}]}]}},"_links":{"self":[{"href":"https:\/\/ipharmagare92.fr\/pharma\/wp-json\/wp\/v2\/pages\/317","targetHints":{"allow":["GET"]}}],"collection":[{"href":"https:\/\/ipharmagare92.fr\/pharma\/wp-json\/wp\/v2\/pages"}],"about":[{"href":"https:\/\/ipharmagare92.fr\/pharma\/wp-json\/wp\/v2\/types\/page"}],"author":[{"embeddable":true,"href":"https:\/\/ipharmagare92.fr\/pharma\/wp-json\/wp\/v2\/users\/1"}],"replies":[{"embeddable":true,"href":"https:\/\/ipharmagare92.fr\/pharma\/wp-json\/wp\/v2\/comments?post=317"}],"version-history":[{"count":7,"href":"https:\/\/ipharmagare92.fr\/pharma\/wp-json\/wp\/v2\/pages\/317\/revisions"}],"predecessor-version":[{"id":348,"href":"https:\/\/ipharmagare92.fr\/pharma\/wp-json\/wp\/v2\/pages\/317\/revisions\/348"}],"wp:attachment":[{"href":"https:\/\/ipharmagare92.fr\/pharma\/wp-json\/wp\/v2\/media?parent=317"}],"curies":[{"name":"wp","href":"https:\/\/api.w.org\/{rel}","templated":true}]}}