{"id":320,"date":"2022-08-02T16:15:47","date_gmt":"2022-08-02T15:15:47","guid":{"rendered":"https:\/\/ipharmagare92.fr\/pharma\/?page_id=320"},"modified":"2022-08-02T16:52:45","modified_gmt":"2022-08-02T15:52:45","slug":"facturation-de-la-location","status":"publish","type":"page","link":"https:\/\/ipharmagare92.fr\/pharma\/facturation-de-la-location\/","title":{"rendered":"Facturation de la location"},"content":{"rendered":"\n<p class=\"has-medium-font-size\">La facturation se fait en g\u00e9n\u00e9ral au terme des 4 premi\u00e8res semaines de location (ou plus t\u00f4t en cas de location hebdomadaire)<\/p>\n\n\n\n<p class=\"has-medium-font-size\">Facturer 1 mois (4 semaines) ou par semaine selon le type de mat\u00e9riel m\u00e9dical lou\u00e9 : Modalit\u00e9s de facturation <strong><a href=\"https:\/\/ipharmagare92.fr\/pharma\/wp-content\/uploads\/2022\/08\/CCF02082022.pdf\" target=\"_blank\" rel=\"noreferrer noopener\"><mark style=\"background-color:rgba(0, 0, 0, 0)\" class=\"has-inline-color has-luminous-vivid-orange-color\">ICI<\/mark><\/a><\/strong><\/p>\n\n\n\n<p class=\"has-small-font-size\"><em>La facturation se fait en tapant le code CIP puis en ajoutant la date de location factur\u00e9e<\/em><\/p>\n\n\n\n<p><\/p>\n\n\n","protected":false},"excerpt":{"rendered":"<p>La facturation se fait en g\u00e9n\u00e9ral au terme des 4 premi\u00e8res semaines de location (ou plus t\u00f4t en cas de location hebdomadaire) Facturer 1 mois (4 semaines) ou par semaine selon le type de mat\u00e9riel m\u00e9dical lou\u00e9 : Modalit\u00e9s de&hellip; <\/p>\n","protected":false},"author":1,"featured_media":0,"parent":0,"menu_order":0,"comment_status":"closed","ping_status":"closed","template":"","meta":{"footnotes":""},"class_list":["post-320","page","type-page","status-publish","hentry"],"yoast_head":"<!-- This site is optimized with the Yoast SEO plugin v18.8 - https:\/\/yoast.com\/wordpress\/plugins\/seo\/ -->\n<title>Facturation de la location - Pharmacie Gare de Rueil<\/title>\n<meta name=\"robots\" content=\"index, follow, max-snippet:-1, max-image-preview:large, max-video-preview:-1\" \/>\n<link rel=\"canonical\" href=\"https:\/\/ipharmagare92.fr\/pharma\/facturation-de-la-location\/\" \/>\n<meta property=\"og:locale\" content=\"fr_FR\" \/>\n<meta property=\"og:type\" content=\"article\" \/>\n<meta property=\"og:title\" content=\"Facturation de la location - Pharmacie Gare de Rueil\" \/>\n<meta property=\"og:description\" content=\"La facturation se fait en g\u00e9n\u00e9ral au terme des 4 premi\u00e8res semaines de location (ou plus t\u00f4t en cas de location hebdomadaire) Facturer 1 mois (4 semaines) ou par semaine selon le type de mat\u00e9riel m\u00e9dical lou\u00e9 : Modalit\u00e9s de&hellip;\" \/>\n<meta property=\"og:url\" content=\"https:\/\/ipharmagare92.fr\/pharma\/facturation-de-la-location\/\" \/>\n<meta property=\"og:site_name\" content=\"Pharmacie Gare de Rueil\" \/>\n<meta property=\"article:modified_time\" content=\"2022-08-02T15:52:45+00:00\" \/>\n<meta name=\"twitter:label1\" content=\"Dur\u00e9e de lecture estim\u00e9e\" \/>\n\t<meta name=\"twitter:data1\" content=\"1 minute\" \/>\n<script type=\"application\/ld+json\" class=\"yoast-schema-graph\">{\"@context\":\"https:\/\/schema.org\",\"@graph\":[{\"@type\":\"WebSite\",\"@id\":\"https:\/\/ipharmagare92.fr\/pharma\/#website\",\"url\":\"https:\/\/ipharmagare92.fr\/pharma\/\",\"name\":\"Pharmacie Gare de Rueil\",\"description\":\"L&#039;intranet de ma pharmacie\",\"potentialAction\":[{\"@type\":\"SearchAction\",\"target\":{\"@type\":\"EntryPoint\",\"urlTemplate\":\"https:\/\/ipharmagare92.fr\/pharma\/?s={search_term_string}\"},\"query-input\":\"required name=search_term_string\"}],\"inLanguage\":\"fr-FR\"},{\"@type\":\"WebPage\",\"@id\":\"https:\/\/ipharmagare92.fr\/pharma\/facturation-de-la-location\/#webpage\",\"url\":\"https:\/\/ipharmagare92.fr\/pharma\/facturation-de-la-location\/\",\"name\":\"Facturation de la location - Pharmacie Gare de Rueil\",\"isPartOf\":{\"@id\":\"https:\/\/ipharmagare92.fr\/pharma\/#website\"},\"datePublished\":\"2022-08-02T15:15:47+00:00\",\"dateModified\":\"2022-08-02T15:52:45+00:00\",\"breadcrumb\":{\"@id\":\"https:\/\/ipharmagare92.fr\/pharma\/facturation-de-la-location\/#breadcrumb\"},\"inLanguage\":\"fr-FR\",\"potentialAction\":[{\"@type\":\"ReadAction\",\"target\":[\"https:\/\/ipharmagare92.fr\/pharma\/facturation-de-la-location\/\"]}]},{\"@type\":\"BreadcrumbList\",\"@id\":\"https:\/\/ipharmagare92.fr\/pharma\/facturation-de-la-location\/#breadcrumb\",\"itemListElement\":[{\"@type\":\"ListItem\",\"position\":1,\"name\":\"Accueil\",\"item\":\"https:\/\/ipharmagare92.fr\/pharma\/\"},{\"@type\":\"ListItem\",\"position\":2,\"name\":\"Facturation de la location\"}]}]}<\/script>\n<!-- \/ Yoast SEO plugin. -->","yoast_head_json":{"title":"Facturation de la location - Pharmacie Gare de Rueil","robots":{"index":"index","follow":"follow","max-snippet":"max-snippet:-1","max-image-preview":"max-image-preview:large","max-video-preview":"max-video-preview:-1"},"canonical":"https:\/\/ipharmagare92.fr\/pharma\/facturation-de-la-location\/","og_locale":"fr_FR","og_type":"article","og_title":"Facturation de la location - Pharmacie Gare de Rueil","og_description":"La facturation se fait en g\u00e9n\u00e9ral au terme des 4 premi\u00e8res semaines de location (ou plus t\u00f4t en cas de location hebdomadaire) Facturer 1 mois (4 semaines) ou par semaine selon le type de mat\u00e9riel m\u00e9dical lou\u00e9 : Modalit\u00e9s de&hellip;","og_url":"https:\/\/ipharmagare92.fr\/pharma\/facturation-de-la-location\/","og_site_name":"Pharmacie Gare de Rueil","article_modified_time":"2022-08-02T15:52:45+00:00","twitter_misc":{"Dur\u00e9e de lecture estim\u00e9e":"1 minute"},"schema":{"@context":"https:\/\/schema.org","@graph":[{"@type":"WebSite","@id":"https:\/\/ipharmagare92.fr\/pharma\/#website","url":"https:\/\/ipharmagare92.fr\/pharma\/","name":"Pharmacie Gare de Rueil","description":"L&#039;intranet de ma pharmacie","potentialAction":[{"@type":"SearchAction","target":{"@type":"EntryPoint","urlTemplate":"https:\/\/ipharmagare92.fr\/pharma\/?s={search_term_string}"},"query-input":"required name=search_term_string"}],"inLanguage":"fr-FR"},{"@type":"WebPage","@id":"https:\/\/ipharmagare92.fr\/pharma\/facturation-de-la-location\/#webpage","url":"https:\/\/ipharmagare92.fr\/pharma\/facturation-de-la-location\/","name":"Facturation de la location - Pharmacie Gare de Rueil","isPartOf":{"@id":"https:\/\/ipharmagare92.fr\/pharma\/#website"},"datePublished":"2022-08-02T15:15:47+00:00","dateModified":"2022-08-02T15:52:45+00:00","breadcrumb":{"@id":"https:\/\/ipharmagare92.fr\/pharma\/facturation-de-la-location\/#breadcrumb"},"inLanguage":"fr-FR","potentialAction":[{"@type":"ReadAction","target":["https:\/\/ipharmagare92.fr\/pharma\/facturation-de-la-location\/"]}]},{"@type":"BreadcrumbList","@id":"https:\/\/ipharmagare92.fr\/pharma\/facturation-de-la-location\/#breadcrumb","itemListElement":[{"@type":"ListItem","position":1,"name":"Accueil","item":"https:\/\/ipharmagare92.fr\/pharma\/"},{"@type":"ListItem","position":2,"name":"Facturation de la location"}]}]}},"_links":{"self":[{"href":"https:\/\/ipharmagare92.fr\/pharma\/wp-json\/wp\/v2\/pages\/320","targetHints":{"allow":["GET"]}}],"collection":[{"href":"https:\/\/ipharmagare92.fr\/pharma\/wp-json\/wp\/v2\/pages"}],"about":[{"href":"https:\/\/ipharmagare92.fr\/pharma\/wp-json\/wp\/v2\/types\/page"}],"author":[{"embeddable":true,"href":"https:\/\/ipharmagare92.fr\/pharma\/wp-json\/wp\/v2\/users\/1"}],"replies":[{"embeddable":true,"href":"https:\/\/ipharmagare92.fr\/pharma\/wp-json\/wp\/v2\/comments?post=320"}],"version-history":[{"count":3,"href":"https:\/\/ipharmagare92.fr\/pharma\/wp-json\/wp\/v2\/pages\/320\/revisions"}],"predecessor-version":[{"id":339,"href":"https:\/\/ipharmagare92.fr\/pharma\/wp-json\/wp\/v2\/pages\/320\/revisions\/339"}],"wp:attachment":[{"href":"https:\/\/ipharmagare92.fr\/pharma\/wp-json\/wp\/v2\/media?parent=320"}],"curies":[{"name":"wp","href":"https:\/\/api.w.org\/{rel}","templated":true}]}}