{"id":358,"date":"2022-08-03T13:07:48","date_gmt":"2022-08-03T12:07:48","guid":{"rendered":"https:\/\/ipharmagare92.fr\/pharma\/?page_id=358"},"modified":"2022-08-03T13:40:34","modified_gmt":"2022-08-03T12:40:34","slug":"orliman","status":"publish","type":"page","link":"https:\/\/ipharmagare92.fr\/pharma\/orliman\/","title":{"rendered":"Orliman"},"content":{"rendered":"\n<p class=\"has-medium-font-size\">Retrouvez <strong><a href=\"https:\/\/ipharmagare92.fr\/pharma\/wp-content\/uploads\/2022\/08\/orliman.mp4\" target=\"_blank\" rel=\"noreferrer noopener\"><mark style=\"background-color:rgba(0, 0, 0, 0)\" class=\"has-inline-color has-luminous-vivid-orange-color\">ICI<\/mark><\/a><\/strong> la proc\u00e9dure pour calculer automatiquement le prix de vente d'un produit ORLIMAN<\/p>\n\n\n\n<p class=\"has-vivid-red-color has-text-color has-large-font-size\">Attention!!! Pour que le prix calcul\u00e9 soit valid\u00e9 dans la fiche produit il faut \u00e0 la fin de la validation de calcul de prix cocher la case 'Valider Prix coch\u00e9\"<\/p>\n\n\n\n<p><\/p>\n\n\n","protected":false},"excerpt":{"rendered":"<p>Retrouvez ICI la proc\u00e9dure pour calculer automatiquement le prix de vente d&rsquo;un produit ORLIMAN Attention!!! Pour que le prix calcul\u00e9 soit valid\u00e9 dans la fiche produit il faut \u00e0 la fin de la validation de calcul de prix cocher la&hellip; <\/p>\n","protected":false},"author":1,"featured_media":0,"parent":0,"menu_order":0,"comment_status":"closed","ping_status":"closed","template":"","meta":{"footnotes":""},"class_list":["post-358","page","type-page","status-publish","hentry"],"yoast_head":"<!-- This site is optimized with the Yoast SEO plugin v18.8 - https:\/\/yoast.com\/wordpress\/plugins\/seo\/ -->\n<title>Orliman - Pharmacie Gare de Rueil<\/title>\n<meta name=\"robots\" content=\"index, follow, max-snippet:-1, max-image-preview:large, max-video-preview:-1\" \/>\n<link rel=\"canonical\" href=\"https:\/\/ipharmagare92.fr\/pharma\/orliman\/\" \/>\n<meta property=\"og:locale\" content=\"fr_FR\" \/>\n<meta property=\"og:type\" content=\"article\" \/>\n<meta property=\"og:title\" content=\"Orliman - Pharmacie Gare de Rueil\" \/>\n<meta property=\"og:description\" content=\"Retrouvez ICI la proc\u00e9dure pour calculer automatiquement le prix de vente d&#039;un produit ORLIMAN Attention!!! Pour que le prix calcul\u00e9 soit valid\u00e9 dans la fiche produit il faut \u00e0 la fin de la validation de calcul de prix cocher la&hellip;\" \/>\n<meta property=\"og:url\" content=\"https:\/\/ipharmagare92.fr\/pharma\/orliman\/\" \/>\n<meta property=\"og:site_name\" content=\"Pharmacie Gare de Rueil\" \/>\n<meta property=\"article:modified_time\" content=\"2022-08-03T12:40:34+00:00\" \/>\n<meta name=\"twitter:label1\" content=\"Dur\u00e9e de lecture estim\u00e9e\" \/>\n\t<meta name=\"twitter:data1\" content=\"1 minute\" \/>\n<script type=\"application\/ld+json\" class=\"yoast-schema-graph\">{\"@context\":\"https:\/\/schema.org\",\"@graph\":[{\"@type\":\"WebSite\",\"@id\":\"https:\/\/ipharmagare92.fr\/pharma\/#website\",\"url\":\"https:\/\/ipharmagare92.fr\/pharma\/\",\"name\":\"Pharmacie Gare de Rueil\",\"description\":\"L&#039;intranet de ma pharmacie\",\"potentialAction\":[{\"@type\":\"SearchAction\",\"target\":{\"@type\":\"EntryPoint\",\"urlTemplate\":\"https:\/\/ipharmagare92.fr\/pharma\/?s={search_term_string}\"},\"query-input\":\"required name=search_term_string\"}],\"inLanguage\":\"fr-FR\"},{\"@type\":\"WebPage\",\"@id\":\"https:\/\/ipharmagare92.fr\/pharma\/orliman\/#webpage\",\"url\":\"https:\/\/ipharmagare92.fr\/pharma\/orliman\/\",\"name\":\"Orliman - Pharmacie Gare de Rueil\",\"isPartOf\":{\"@id\":\"https:\/\/ipharmagare92.fr\/pharma\/#website\"},\"datePublished\":\"2022-08-03T12:07:48+00:00\",\"dateModified\":\"2022-08-03T12:40:34+00:00\",\"breadcrumb\":{\"@id\":\"https:\/\/ipharmagare92.fr\/pharma\/orliman\/#breadcrumb\"},\"inLanguage\":\"fr-FR\",\"potentialAction\":[{\"@type\":\"ReadAction\",\"target\":[\"https:\/\/ipharmagare92.fr\/pharma\/orliman\/\"]}]},{\"@type\":\"BreadcrumbList\",\"@id\":\"https:\/\/ipharmagare92.fr\/pharma\/orliman\/#breadcrumb\",\"itemListElement\":[{\"@type\":\"ListItem\",\"position\":1,\"name\":\"Accueil\",\"item\":\"https:\/\/ipharmagare92.fr\/pharma\/\"},{\"@type\":\"ListItem\",\"position\":2,\"name\":\"Orliman\"}]}]}<\/script>\n<!-- \/ Yoast SEO plugin. -->","yoast_head_json":{"title":"Orliman - Pharmacie Gare de Rueil","robots":{"index":"index","follow":"follow","max-snippet":"max-snippet:-1","max-image-preview":"max-image-preview:large","max-video-preview":"max-video-preview:-1"},"canonical":"https:\/\/ipharmagare92.fr\/pharma\/orliman\/","og_locale":"fr_FR","og_type":"article","og_title":"Orliman - Pharmacie Gare de Rueil","og_description":"Retrouvez ICI la proc\u00e9dure pour calculer automatiquement le prix de vente d'un produit ORLIMAN Attention!!! Pour que le prix calcul\u00e9 soit valid\u00e9 dans la fiche produit il faut \u00e0 la fin de la validation de calcul de prix cocher la&hellip;","og_url":"https:\/\/ipharmagare92.fr\/pharma\/orliman\/","og_site_name":"Pharmacie Gare de Rueil","article_modified_time":"2022-08-03T12:40:34+00:00","twitter_misc":{"Dur\u00e9e de lecture estim\u00e9e":"1 minute"},"schema":{"@context":"https:\/\/schema.org","@graph":[{"@type":"WebSite","@id":"https:\/\/ipharmagare92.fr\/pharma\/#website","url":"https:\/\/ipharmagare92.fr\/pharma\/","name":"Pharmacie Gare de Rueil","description":"L&#039;intranet de ma pharmacie","potentialAction":[{"@type":"SearchAction","target":{"@type":"EntryPoint","urlTemplate":"https:\/\/ipharmagare92.fr\/pharma\/?s={search_term_string}"},"query-input":"required name=search_term_string"}],"inLanguage":"fr-FR"},{"@type":"WebPage","@id":"https:\/\/ipharmagare92.fr\/pharma\/orliman\/#webpage","url":"https:\/\/ipharmagare92.fr\/pharma\/orliman\/","name":"Orliman - Pharmacie Gare de Rueil","isPartOf":{"@id":"https:\/\/ipharmagare92.fr\/pharma\/#website"},"datePublished":"2022-08-03T12:07:48+00:00","dateModified":"2022-08-03T12:40:34+00:00","breadcrumb":{"@id":"https:\/\/ipharmagare92.fr\/pharma\/orliman\/#breadcrumb"},"inLanguage":"fr-FR","potentialAction":[{"@type":"ReadAction","target":["https:\/\/ipharmagare92.fr\/pharma\/orliman\/"]}]},{"@type":"BreadcrumbList","@id":"https:\/\/ipharmagare92.fr\/pharma\/orliman\/#breadcrumb","itemListElement":[{"@type":"ListItem","position":1,"name":"Accueil","item":"https:\/\/ipharmagare92.fr\/pharma\/"},{"@type":"ListItem","position":2,"name":"Orliman"}]}]}},"_links":{"self":[{"href":"https:\/\/ipharmagare92.fr\/pharma\/wp-json\/wp\/v2\/pages\/358","targetHints":{"allow":["GET"]}}],"collection":[{"href":"https:\/\/ipharmagare92.fr\/pharma\/wp-json\/wp\/v2\/pages"}],"about":[{"href":"https:\/\/ipharmagare92.fr\/pharma\/wp-json\/wp\/v2\/types\/page"}],"author":[{"embeddable":true,"href":"https:\/\/ipharmagare92.fr\/pharma\/wp-json\/wp\/v2\/users\/1"}],"replies":[{"embeddable":true,"href":"https:\/\/ipharmagare92.fr\/pharma\/wp-json\/wp\/v2\/comments?post=358"}],"version-history":[{"count":3,"href":"https:\/\/ipharmagare92.fr\/pharma\/wp-json\/wp\/v2\/pages\/358\/revisions"}],"predecessor-version":[{"id":374,"href":"https:\/\/ipharmagare92.fr\/pharma\/wp-json\/wp\/v2\/pages\/358\/revisions\/374"}],"wp:attachment":[{"href":"https:\/\/ipharmagare92.fr\/pharma\/wp-json\/wp\/v2\/media?parent=358"}],"curies":[{"name":"wp","href":"https:\/\/api.w.org\/{rel}","templated":true}]}}