{"id":379,"date":"2022-08-05T12:33:13","date_gmt":"2022-08-05T11:33:13","guid":{"rendered":"https:\/\/ipharmagare92.fr\/pharma\/?page_id=379"},"modified":"2022-08-05T12:33:46","modified_gmt":"2022-08-05T11:33:46","slug":"thuasne","status":"publish","type":"page","link":"https:\/\/ipharmagare92.fr\/pharma\/thuasne\/","title":{"rendered":"Thuasne"},"content":{"rendered":"\n<p class=\"has-medium-font-size\">Les commandes sont \u00e0 passer <mark style=\"background-color:rgba(0, 0, 0, 0)\" class=\"has-inline-color has-vivid-red-color\">en priorit\u00e9<\/mark> chez Thuasne (remise am\u00e9lior\u00e9e)<br>En cas d'urgence les produits peuvent \u00eatre pass\u00e9s chez l'OCP mais dans ce cas commander en plus imm\u00e9diatement chez Thuasne pour le rendre \u00e0 l'OCP<\/p>\n\n\n\n<p><\/p>\n\n\n\n<p class=\"has-medium-font-size\">Calcul des prix : Prix catalogue HT (non remis\u00e9) x <mark style=\"background-color:rgba(0, 0, 0, 0)\" class=\"has-inline-color has-vivid-red-color\"><strong>1,3<\/strong><\/mark><\/p>\n","protected":false},"excerpt":{"rendered":"<p>Les commandes sont \u00e0 passer en priorit\u00e9 chez Thuasne (remise am\u00e9lior\u00e9e)En cas d&rsquo;urgence les produits peuvent \u00eatre pass\u00e9s chez l&rsquo;OCP mais dans ce cas commander en plus imm\u00e9diatement chez Thuasne pour le rendre \u00e0 l&rsquo;OCP Calcul des prix : Prix&hellip; <\/p>\n","protected":false},"author":1,"featured_media":0,"parent":0,"menu_order":0,"comment_status":"closed","ping_status":"closed","template":"","meta":{"footnotes":""},"class_list":["post-379","page","type-page","status-publish","hentry"],"yoast_head":"<!-- This site is optimized with the Yoast SEO plugin v18.8 - https:\/\/yoast.com\/wordpress\/plugins\/seo\/ -->\n<title>Thuasne - Pharmacie Gare de Rueil<\/title>\n<meta name=\"robots\" content=\"index, follow, max-snippet:-1, max-image-preview:large, max-video-preview:-1\" \/>\n<link rel=\"canonical\" href=\"https:\/\/ipharmagare92.fr\/pharma\/thuasne\/\" \/>\n<meta property=\"og:locale\" content=\"fr_FR\" \/>\n<meta property=\"og:type\" content=\"article\" \/>\n<meta property=\"og:title\" content=\"Thuasne - Pharmacie Gare de Rueil\" \/>\n<meta property=\"og:description\" content=\"Les commandes sont \u00e0 passer en priorit\u00e9 chez Thuasne (remise am\u00e9lior\u00e9e)En cas d&#039;urgence les produits peuvent \u00eatre pass\u00e9s chez l&#039;OCP mais dans ce cas commander en plus imm\u00e9diatement chez Thuasne pour le rendre \u00e0 l&#039;OCP Calcul des prix : Prix&hellip;\" \/>\n<meta property=\"og:url\" content=\"https:\/\/ipharmagare92.fr\/pharma\/thuasne\/\" \/>\n<meta property=\"og:site_name\" content=\"Pharmacie Gare de Rueil\" \/>\n<meta property=\"article:modified_time\" content=\"2022-08-05T11:33:46+00:00\" \/>\n<meta name=\"twitter:label1\" content=\"Dur\u00e9e de lecture estim\u00e9e\" \/>\n\t<meta name=\"twitter:data1\" content=\"1 minute\" \/>\n<script type=\"application\/ld+json\" class=\"yoast-schema-graph\">{\"@context\":\"https:\/\/schema.org\",\"@graph\":[{\"@type\":\"WebSite\",\"@id\":\"https:\/\/ipharmagare92.fr\/pharma\/#website\",\"url\":\"https:\/\/ipharmagare92.fr\/pharma\/\",\"name\":\"Pharmacie Gare de Rueil\",\"description\":\"L&#039;intranet de ma pharmacie\",\"potentialAction\":[{\"@type\":\"SearchAction\",\"target\":{\"@type\":\"EntryPoint\",\"urlTemplate\":\"https:\/\/ipharmagare92.fr\/pharma\/?s={search_term_string}\"},\"query-input\":\"required name=search_term_string\"}],\"inLanguage\":\"fr-FR\"},{\"@type\":\"WebPage\",\"@id\":\"https:\/\/ipharmagare92.fr\/pharma\/thuasne\/#webpage\",\"url\":\"https:\/\/ipharmagare92.fr\/pharma\/thuasne\/\",\"name\":\"Thuasne - Pharmacie Gare de Rueil\",\"isPartOf\":{\"@id\":\"https:\/\/ipharmagare92.fr\/pharma\/#website\"},\"datePublished\":\"2022-08-05T11:33:13+00:00\",\"dateModified\":\"2022-08-05T11:33:46+00:00\",\"breadcrumb\":{\"@id\":\"https:\/\/ipharmagare92.fr\/pharma\/thuasne\/#breadcrumb\"},\"inLanguage\":\"fr-FR\",\"potentialAction\":[{\"@type\":\"ReadAction\",\"target\":[\"https:\/\/ipharmagare92.fr\/pharma\/thuasne\/\"]}]},{\"@type\":\"BreadcrumbList\",\"@id\":\"https:\/\/ipharmagare92.fr\/pharma\/thuasne\/#breadcrumb\",\"itemListElement\":[{\"@type\":\"ListItem\",\"position\":1,\"name\":\"Accueil\",\"item\":\"https:\/\/ipharmagare92.fr\/pharma\/\"},{\"@type\":\"ListItem\",\"position\":2,\"name\":\"Thuasne\"}]}]}<\/script>\n<!-- \/ Yoast SEO plugin. -->","yoast_head_json":{"title":"Thuasne - Pharmacie Gare de Rueil","robots":{"index":"index","follow":"follow","max-snippet":"max-snippet:-1","max-image-preview":"max-image-preview:large","max-video-preview":"max-video-preview:-1"},"canonical":"https:\/\/ipharmagare92.fr\/pharma\/thuasne\/","og_locale":"fr_FR","og_type":"article","og_title":"Thuasne - Pharmacie Gare de Rueil","og_description":"Les commandes sont \u00e0 passer en priorit\u00e9 chez Thuasne (remise am\u00e9lior\u00e9e)En cas d'urgence les produits peuvent \u00eatre pass\u00e9s chez l'OCP mais dans ce cas commander en plus imm\u00e9diatement chez Thuasne pour le rendre \u00e0 l'OCP Calcul des prix : Prix&hellip;","og_url":"https:\/\/ipharmagare92.fr\/pharma\/thuasne\/","og_site_name":"Pharmacie Gare de Rueil","article_modified_time":"2022-08-05T11:33:46+00:00","twitter_misc":{"Dur\u00e9e de lecture estim\u00e9e":"1 minute"},"schema":{"@context":"https:\/\/schema.org","@graph":[{"@type":"WebSite","@id":"https:\/\/ipharmagare92.fr\/pharma\/#website","url":"https:\/\/ipharmagare92.fr\/pharma\/","name":"Pharmacie Gare de Rueil","description":"L&#039;intranet de ma pharmacie","potentialAction":[{"@type":"SearchAction","target":{"@type":"EntryPoint","urlTemplate":"https:\/\/ipharmagare92.fr\/pharma\/?s={search_term_string}"},"query-input":"required name=search_term_string"}],"inLanguage":"fr-FR"},{"@type":"WebPage","@id":"https:\/\/ipharmagare92.fr\/pharma\/thuasne\/#webpage","url":"https:\/\/ipharmagare92.fr\/pharma\/thuasne\/","name":"Thuasne - Pharmacie Gare de Rueil","isPartOf":{"@id":"https:\/\/ipharmagare92.fr\/pharma\/#website"},"datePublished":"2022-08-05T11:33:13+00:00","dateModified":"2022-08-05T11:33:46+00:00","breadcrumb":{"@id":"https:\/\/ipharmagare92.fr\/pharma\/thuasne\/#breadcrumb"},"inLanguage":"fr-FR","potentialAction":[{"@type":"ReadAction","target":["https:\/\/ipharmagare92.fr\/pharma\/thuasne\/"]}]},{"@type":"BreadcrumbList","@id":"https:\/\/ipharmagare92.fr\/pharma\/thuasne\/#breadcrumb","itemListElement":[{"@type":"ListItem","position":1,"name":"Accueil","item":"https:\/\/ipharmagare92.fr\/pharma\/"},{"@type":"ListItem","position":2,"name":"Thuasne"}]}]}},"_links":{"self":[{"href":"https:\/\/ipharmagare92.fr\/pharma\/wp-json\/wp\/v2\/pages\/379","targetHints":{"allow":["GET"]}}],"collection":[{"href":"https:\/\/ipharmagare92.fr\/pharma\/wp-json\/wp\/v2\/pages"}],"about":[{"href":"https:\/\/ipharmagare92.fr\/pharma\/wp-json\/wp\/v2\/types\/page"}],"author":[{"embeddable":true,"href":"https:\/\/ipharmagare92.fr\/pharma\/wp-json\/wp\/v2\/users\/1"}],"replies":[{"embeddable":true,"href":"https:\/\/ipharmagare92.fr\/pharma\/wp-json\/wp\/v2\/comments?post=379"}],"version-history":[{"count":1,"href":"https:\/\/ipharmagare92.fr\/pharma\/wp-json\/wp\/v2\/pages\/379\/revisions"}],"predecessor-version":[{"id":381,"href":"https:\/\/ipharmagare92.fr\/pharma\/wp-json\/wp\/v2\/pages\/379\/revisions\/381"}],"wp:attachment":[{"href":"https:\/\/ipharmagare92.fr\/pharma\/wp-json\/wp\/v2\/media?parent=379"}],"curies":[{"name":"wp","href":"https:\/\/api.w.org\/{rel}","templated":true}]}}