{"id":392,"date":"2022-08-05T14:53:08","date_gmt":"2022-08-05T13:53:08","guid":{"rendered":"https:\/\/ipharmagare92.fr\/pharma\/?page_id=392"},"modified":"2022-08-05T14:56:09","modified_gmt":"2022-08-05T13:56:09","slug":"fermeture-du-serveur","status":"publish","type":"page","link":"https:\/\/ipharmagare92.fr\/pharma\/fermeture-du-serveur\/","title":{"rendered":"Fermeture du serveur"},"content":{"rendered":"\n<p class=\"has-medium-font-size\">Si pour une raison ou une autre (coupure de courant, mauvaise manipulation) le poste serveur s'\u00e9teint alors les postes de vente ET le robot deviennent inacessibles.<\/p>\n\n\n\n<p><\/p>\n\n\n\n<p class=\"has-medium-font-size\">La premi\u00e8re chose \u00e0 faire est de red\u00e9marrer 1 fois le serveur en cliquant sur <\/p>\n\n\n\n<figure class=\"wp-block-image size-full is-resized\"><a href=\"https:\/\/ipharmagare92.fr\/pharma\/wp-content\/uploads\/2022\/08\/telechargement-1.jpg\"><img loading=\"lazy\" decoding=\"async\" src=\"https:\/\/ipharmagare92.fr\/pharma\/wp-content\/uploads\/2022\/08\/telechargement-1.jpg\" alt=\"\" class=\"wp-image-393\" width=\"90\" height=\"67\" srcset=\"https:\/\/ipharmagare92.fr\/pharma\/wp-content\/uploads\/2022\/08\/telechargement-1.jpg 235w, https:\/\/ipharmagare92.fr\/pharma\/wp-content\/uploads\/2022\/08\/telechargement-1-230x175.jpg 230w\" sizes=\"auto, (max-width: 90px) 100vw, 90px\" \/><\/a><\/figure>\n\n\n\n<p class=\"has-medium-font-size\"><mark style=\"background-color:rgba(0, 0, 0, 0)\" class=\"has-inline-color has-vivid-red-color\">+ REDEMARRER<\/mark><br>Si sur l'\u00e9cran un mot de passe est demand\u00e9 il faut refaire la m\u00eame op\u00e9ration une 2\u00e8me fois.<\/p>\n","protected":false},"excerpt":{"rendered":"<p>Si pour une raison ou une autre (coupure de courant, mauvaise manipulation) le poste serveur s&rsquo;\u00e9teint alors les postes de vente ET le robot deviennent inacessibles. La premi\u00e8re chose \u00e0 faire est de red\u00e9marrer 1 fois le serveur en cliquant&hellip; <\/p>\n","protected":false},"author":1,"featured_media":0,"parent":0,"menu_order":0,"comment_status":"closed","ping_status":"closed","template":"","meta":{"footnotes":""},"class_list":["post-392","page","type-page","status-publish","hentry"],"yoast_head":"<!-- This site is optimized with the Yoast SEO plugin v18.8 - https:\/\/yoast.com\/wordpress\/plugins\/seo\/ -->\n<title>Fermeture du serveur - Pharmacie Gare de Rueil<\/title>\n<meta name=\"robots\" content=\"index, follow, max-snippet:-1, max-image-preview:large, max-video-preview:-1\" \/>\n<link rel=\"canonical\" href=\"https:\/\/ipharmagare92.fr\/pharma\/fermeture-du-serveur\/\" \/>\n<meta property=\"og:locale\" content=\"fr_FR\" \/>\n<meta property=\"og:type\" content=\"article\" \/>\n<meta property=\"og:title\" content=\"Fermeture du serveur - Pharmacie Gare de Rueil\" \/>\n<meta property=\"og:description\" content=\"Si pour une raison ou une autre (coupure de courant, mauvaise manipulation) le poste serveur s&#039;\u00e9teint alors les postes de vente ET le robot deviennent inacessibles. La premi\u00e8re chose \u00e0 faire est de red\u00e9marrer 1 fois le serveur en cliquant&hellip;\" \/>\n<meta property=\"og:url\" content=\"https:\/\/ipharmagare92.fr\/pharma\/fermeture-du-serveur\/\" \/>\n<meta property=\"og:site_name\" content=\"Pharmacie Gare de Rueil\" \/>\n<meta property=\"article:modified_time\" content=\"2022-08-05T13:56:09+00:00\" \/>\n<meta property=\"og:image\" content=\"https:\/\/ipharmagare92.fr\/pharma\/wp-content\/uploads\/2022\/08\/telechargement-1.jpg\" \/>\n<meta name=\"twitter:label1\" content=\"Dur\u00e9e de lecture estim\u00e9e\" \/>\n\t<meta name=\"twitter:data1\" content=\"1 minute\" \/>\n<script type=\"application\/ld+json\" class=\"yoast-schema-graph\">{\"@context\":\"https:\/\/schema.org\",\"@graph\":[{\"@type\":\"WebSite\",\"@id\":\"https:\/\/ipharmagare92.fr\/pharma\/#website\",\"url\":\"https:\/\/ipharmagare92.fr\/pharma\/\",\"name\":\"Pharmacie Gare de Rueil\",\"description\":\"L&#039;intranet de ma pharmacie\",\"potentialAction\":[{\"@type\":\"SearchAction\",\"target\":{\"@type\":\"EntryPoint\",\"urlTemplate\":\"https:\/\/ipharmagare92.fr\/pharma\/?s={search_term_string}\"},\"query-input\":\"required name=search_term_string\"}],\"inLanguage\":\"fr-FR\"},{\"@type\":\"ImageObject\",\"inLanguage\":\"fr-FR\",\"@id\":\"https:\/\/ipharmagare92.fr\/pharma\/fermeture-du-serveur\/#primaryimage\",\"url\":\"https:\/\/ipharmagare92.fr\/pharma\/wp-content\/uploads\/2022\/08\/telechargement-1.jpg\",\"contentUrl\":\"https:\/\/ipharmagare92.fr\/pharma\/wp-content\/uploads\/2022\/08\/telechargement-1.jpg\",\"width\":235,\"height\":175},{\"@type\":\"WebPage\",\"@id\":\"https:\/\/ipharmagare92.fr\/pharma\/fermeture-du-serveur\/#webpage\",\"url\":\"https:\/\/ipharmagare92.fr\/pharma\/fermeture-du-serveur\/\",\"name\":\"Fermeture du serveur - Pharmacie Gare de Rueil\",\"isPartOf\":{\"@id\":\"https:\/\/ipharmagare92.fr\/pharma\/#website\"},\"primaryImageOfPage\":{\"@id\":\"https:\/\/ipharmagare92.fr\/pharma\/fermeture-du-serveur\/#primaryimage\"},\"datePublished\":\"2022-08-05T13:53:08+00:00\",\"dateModified\":\"2022-08-05T13:56:09+00:00\",\"breadcrumb\":{\"@id\":\"https:\/\/ipharmagare92.fr\/pharma\/fermeture-du-serveur\/#breadcrumb\"},\"inLanguage\":\"fr-FR\",\"potentialAction\":[{\"@type\":\"ReadAction\",\"target\":[\"https:\/\/ipharmagare92.fr\/pharma\/fermeture-du-serveur\/\"]}]},{\"@type\":\"BreadcrumbList\",\"@id\":\"https:\/\/ipharmagare92.fr\/pharma\/fermeture-du-serveur\/#breadcrumb\",\"itemListElement\":[{\"@type\":\"ListItem\",\"position\":1,\"name\":\"Accueil\",\"item\":\"https:\/\/ipharmagare92.fr\/pharma\/\"},{\"@type\":\"ListItem\",\"position\":2,\"name\":\"Fermeture du serveur\"}]}]}<\/script>\n<!-- \/ Yoast SEO plugin. -->","yoast_head_json":{"title":"Fermeture du serveur - Pharmacie Gare de Rueil","robots":{"index":"index","follow":"follow","max-snippet":"max-snippet:-1","max-image-preview":"max-image-preview:large","max-video-preview":"max-video-preview:-1"},"canonical":"https:\/\/ipharmagare92.fr\/pharma\/fermeture-du-serveur\/","og_locale":"fr_FR","og_type":"article","og_title":"Fermeture du serveur - Pharmacie Gare de Rueil","og_description":"Si pour une raison ou une autre (coupure de courant, mauvaise manipulation) le poste serveur s'\u00e9teint alors les postes de vente ET le robot deviennent inacessibles. La premi\u00e8re chose \u00e0 faire est de red\u00e9marrer 1 fois le serveur en cliquant&hellip;","og_url":"https:\/\/ipharmagare92.fr\/pharma\/fermeture-du-serveur\/","og_site_name":"Pharmacie Gare de Rueil","article_modified_time":"2022-08-05T13:56:09+00:00","og_image":[{"url":"https:\/\/ipharmagare92.fr\/pharma\/wp-content\/uploads\/2022\/08\/telechargement-1.jpg"}],"twitter_misc":{"Dur\u00e9e de lecture estim\u00e9e":"1 minute"},"schema":{"@context":"https:\/\/schema.org","@graph":[{"@type":"WebSite","@id":"https:\/\/ipharmagare92.fr\/pharma\/#website","url":"https:\/\/ipharmagare92.fr\/pharma\/","name":"Pharmacie Gare de Rueil","description":"L&#039;intranet de ma pharmacie","potentialAction":[{"@type":"SearchAction","target":{"@type":"EntryPoint","urlTemplate":"https:\/\/ipharmagare92.fr\/pharma\/?s={search_term_string}"},"query-input":"required name=search_term_string"}],"inLanguage":"fr-FR"},{"@type":"ImageObject","inLanguage":"fr-FR","@id":"https:\/\/ipharmagare92.fr\/pharma\/fermeture-du-serveur\/#primaryimage","url":"https:\/\/ipharmagare92.fr\/pharma\/wp-content\/uploads\/2022\/08\/telechargement-1.jpg","contentUrl":"https:\/\/ipharmagare92.fr\/pharma\/wp-content\/uploads\/2022\/08\/telechargement-1.jpg","width":235,"height":175},{"@type":"WebPage","@id":"https:\/\/ipharmagare92.fr\/pharma\/fermeture-du-serveur\/#webpage","url":"https:\/\/ipharmagare92.fr\/pharma\/fermeture-du-serveur\/","name":"Fermeture du serveur - Pharmacie Gare de Rueil","isPartOf":{"@id":"https:\/\/ipharmagare92.fr\/pharma\/#website"},"primaryImageOfPage":{"@id":"https:\/\/ipharmagare92.fr\/pharma\/fermeture-du-serveur\/#primaryimage"},"datePublished":"2022-08-05T13:53:08+00:00","dateModified":"2022-08-05T13:56:09+00:00","breadcrumb":{"@id":"https:\/\/ipharmagare92.fr\/pharma\/fermeture-du-serveur\/#breadcrumb"},"inLanguage":"fr-FR","potentialAction":[{"@type":"ReadAction","target":["https:\/\/ipharmagare92.fr\/pharma\/fermeture-du-serveur\/"]}]},{"@type":"BreadcrumbList","@id":"https:\/\/ipharmagare92.fr\/pharma\/fermeture-du-serveur\/#breadcrumb","itemListElement":[{"@type":"ListItem","position":1,"name":"Accueil","item":"https:\/\/ipharmagare92.fr\/pharma\/"},{"@type":"ListItem","position":2,"name":"Fermeture du serveur"}]}]}},"_links":{"self":[{"href":"https:\/\/ipharmagare92.fr\/pharma\/wp-json\/wp\/v2\/pages\/392","targetHints":{"allow":["GET"]}}],"collection":[{"href":"https:\/\/ipharmagare92.fr\/pharma\/wp-json\/wp\/v2\/pages"}],"about":[{"href":"https:\/\/ipharmagare92.fr\/pharma\/wp-json\/wp\/v2\/types\/page"}],"author":[{"embeddable":true,"href":"https:\/\/ipharmagare92.fr\/pharma\/wp-json\/wp\/v2\/users\/1"}],"replies":[{"embeddable":true,"href":"https:\/\/ipharmagare92.fr\/pharma\/wp-json\/wp\/v2\/comments?post=392"}],"version-history":[{"count":2,"href":"https:\/\/ipharmagare92.fr\/pharma\/wp-json\/wp\/v2\/pages\/392\/revisions"}],"predecessor-version":[{"id":396,"href":"https:\/\/ipharmagare92.fr\/pharma\/wp-json\/wp\/v2\/pages\/392\/revisions\/396"}],"wp:attachment":[{"href":"https:\/\/ipharmagare92.fr\/pharma\/wp-json\/wp\/v2\/media?parent=392"}],"curies":[{"name":"wp","href":"https:\/\/api.w.org\/{rel}","templated":true}]}}