{"id":397,"date":"2022-08-05T15:06:44","date_gmt":"2022-08-05T14:06:44","guid":{"rendered":"https:\/\/ipharmagare92.fr\/pharma\/?page_id=397"},"modified":"2022-08-05T15:46:18","modified_gmt":"2022-08-05T14:46:18","slug":"generation-du-promis","status":"publish","type":"page","link":"https:\/\/ipharmagare92.fr\/pharma\/generation-du-promis\/","title":{"rendered":"G\u00e9n\u00e9ration du promis"},"content":{"rendered":"\n<p class=\"has-medium-font-size\">Un promis est g\u00e9n\u00e9r\u00e9 automatiquement lorsqu'un produit factur\u00e9 a un stock &lt;ou= -1<br><br>En fin de vente un ticket de promis est automatiquement \u00e9dit\u00e9 aec la possibilit\u00e9 d'inclure automatiquement une alerte SMS au client (s'il le souhaite) qui sera \u00e9mise \u00e0 la r\u00e9ception du produit : <mark style=\"background-color:rgba(0, 0, 0, 0)\" class=\"has-inline-color has-luminous-vivid-orange-color\"><strong><a href=\"https:\/\/ipharmagare92.fr\/pharma\/wp-content\/uploads\/2022\/08\/sasise-sms.jpg\" target=\"_blank\" rel=\"noreferrer noopener\">PHOTO<\/a><\/strong><\/mark><\/p>\n\n\n\n<p class=\"has-medium-font-size\"><strong><mark style=\"background-color:rgba(0, 0, 0, 0)\" class=\"has-inline-color has-vivid-red-color\">Que faire si le bon de promis n'est pas sorti sur l'imprimante ?<\/mark><\/strong><\/p>\n\n\n\n<p class=\"has-medium-font-size\">Le bon de promis peut \u00eatre r\u00e9-imprim\u00e9 en 1 ou 2 exemplaires en allant \u00e0 Stock\/Promis\/Liste des Promis.<br>Il suffit de se positonner sur la ligne concern\u00e9e et de choisir 'impression ticket'<\/p>\n\n\n\n<p class=\"has-medium-font-size\"><strong><mark style=\"background-color:rgba(0, 0, 0, 0)\" class=\"has-inline-color has-vivid-red-color\">Que faire si le stock \u00e9tait faux et que le bon de promis n'a pu \u00eatre cr\u00e9e ?<\/mark><\/strong><\/p>\n\n\n\n<p class=\"has-medium-font-size\">Il faut dans ce cas retourner dans la vente en question, mettre le stock correct dans la colonne stock et dans la colonne quantit\u00e9 inscrire 0+Qt\u00e9 promise.<\/p>\n\n\n\n<p>Ex: le produit X avait un stock erron\u00e9 de 1 au lieu de 0 et je dois en promettre 2 : Je retourne dans la vente, je modifie le stock puis au niveau de la quantit\u00e9 \u00e0 facturer j'inscris <mark style=\"background-color:rgba(0, 0, 0, 0)\" class=\"has-inline-color has-vivid-red-color\">0+2<\/mark>.<br>Le bon de promis sortira automatiquement apr\u00e8s cette modification.<\/p>\n\n\n\n\n","protected":false},"excerpt":{"rendered":"<p>Un promis est g\u00e9n\u00e9r\u00e9 automatiquement lorsqu&rsquo;un produit factur\u00e9 a un stock &lt;ou= -1 En fin de vente un ticket de promis est automatiquement \u00e9dit\u00e9 aec la possibilit\u00e9 d&rsquo;inclure automatiquement une alerte SMS au client (s&rsquo;il le souhaite) qui sera \u00e9mise&hellip; <\/p>\n","protected":false},"author":1,"featured_media":0,"parent":0,"menu_order":0,"comment_status":"closed","ping_status":"closed","template":"","meta":{"footnotes":""},"class_list":["post-397","page","type-page","status-publish","hentry"],"yoast_head":"<!-- This site is optimized with the Yoast SEO plugin v18.8 - https:\/\/yoast.com\/wordpress\/plugins\/seo\/ -->\n<title>G\u00e9n\u00e9ration du promis - Pharmacie Gare de Rueil<\/title>\n<meta name=\"robots\" content=\"index, follow, max-snippet:-1, max-image-preview:large, max-video-preview:-1\" \/>\n<link rel=\"canonical\" href=\"https:\/\/ipharmagare92.fr\/pharma\/generation-du-promis\/\" \/>\n<meta property=\"og:locale\" content=\"fr_FR\" \/>\n<meta property=\"og:type\" content=\"article\" \/>\n<meta property=\"og:title\" content=\"G\u00e9n\u00e9ration du promis - Pharmacie Gare de Rueil\" \/>\n<meta property=\"og:description\" content=\"Un promis est g\u00e9n\u00e9r\u00e9 automatiquement lorsqu&#039;un produit factur\u00e9 a un stock &lt;ou= -1 En fin de vente un ticket de promis est automatiquement \u00e9dit\u00e9 aec la possibilit\u00e9 d&#039;inclure automatiquement une alerte SMS au client (s&#039;il le souhaite) qui sera \u00e9mise&hellip;\" \/>\n<meta property=\"og:url\" content=\"https:\/\/ipharmagare92.fr\/pharma\/generation-du-promis\/\" \/>\n<meta property=\"og:site_name\" content=\"Pharmacie Gare de Rueil\" \/>\n<meta property=\"article:modified_time\" content=\"2022-08-05T14:46:18+00:00\" \/>\n<meta name=\"twitter:label1\" content=\"Dur\u00e9e de lecture estim\u00e9e\" \/>\n\t<meta name=\"twitter:data1\" content=\"1 minute\" \/>\n<script type=\"application\/ld+json\" class=\"yoast-schema-graph\">{\"@context\":\"https:\/\/schema.org\",\"@graph\":[{\"@type\":\"WebSite\",\"@id\":\"https:\/\/ipharmagare92.fr\/pharma\/#website\",\"url\":\"https:\/\/ipharmagare92.fr\/pharma\/\",\"name\":\"Pharmacie Gare de Rueil\",\"description\":\"L&#039;intranet de ma pharmacie\",\"potentialAction\":[{\"@type\":\"SearchAction\",\"target\":{\"@type\":\"EntryPoint\",\"urlTemplate\":\"https:\/\/ipharmagare92.fr\/pharma\/?s={search_term_string}\"},\"query-input\":\"required name=search_term_string\"}],\"inLanguage\":\"fr-FR\"},{\"@type\":\"WebPage\",\"@id\":\"https:\/\/ipharmagare92.fr\/pharma\/generation-du-promis\/#webpage\",\"url\":\"https:\/\/ipharmagare92.fr\/pharma\/generation-du-promis\/\",\"name\":\"G\u00e9n\u00e9ration du promis - Pharmacie Gare de Rueil\",\"isPartOf\":{\"@id\":\"https:\/\/ipharmagare92.fr\/pharma\/#website\"},\"datePublished\":\"2022-08-05T14:06:44+00:00\",\"dateModified\":\"2022-08-05T14:46:18+00:00\",\"breadcrumb\":{\"@id\":\"https:\/\/ipharmagare92.fr\/pharma\/generation-du-promis\/#breadcrumb\"},\"inLanguage\":\"fr-FR\",\"potentialAction\":[{\"@type\":\"ReadAction\",\"target\":[\"https:\/\/ipharmagare92.fr\/pharma\/generation-du-promis\/\"]}]},{\"@type\":\"BreadcrumbList\",\"@id\":\"https:\/\/ipharmagare92.fr\/pharma\/generation-du-promis\/#breadcrumb\",\"itemListElement\":[{\"@type\":\"ListItem\",\"position\":1,\"name\":\"Accueil\",\"item\":\"https:\/\/ipharmagare92.fr\/pharma\/\"},{\"@type\":\"ListItem\",\"position\":2,\"name\":\"G\u00e9n\u00e9ration du promis\"}]}]}<\/script>\n<!-- \/ Yoast SEO plugin. -->","yoast_head_json":{"title":"G\u00e9n\u00e9ration du promis - Pharmacie Gare de Rueil","robots":{"index":"index","follow":"follow","max-snippet":"max-snippet:-1","max-image-preview":"max-image-preview:large","max-video-preview":"max-video-preview:-1"},"canonical":"https:\/\/ipharmagare92.fr\/pharma\/generation-du-promis\/","og_locale":"fr_FR","og_type":"article","og_title":"G\u00e9n\u00e9ration du promis - Pharmacie Gare de Rueil","og_description":"Un promis est g\u00e9n\u00e9r\u00e9 automatiquement lorsqu'un produit factur\u00e9 a un stock &lt;ou= -1 En fin de vente un ticket de promis est automatiquement \u00e9dit\u00e9 aec la possibilit\u00e9 d'inclure automatiquement une alerte SMS au client (s'il le souhaite) qui sera \u00e9mise&hellip;","og_url":"https:\/\/ipharmagare92.fr\/pharma\/generation-du-promis\/","og_site_name":"Pharmacie Gare de Rueil","article_modified_time":"2022-08-05T14:46:18+00:00","twitter_misc":{"Dur\u00e9e de lecture estim\u00e9e":"1 minute"},"schema":{"@context":"https:\/\/schema.org","@graph":[{"@type":"WebSite","@id":"https:\/\/ipharmagare92.fr\/pharma\/#website","url":"https:\/\/ipharmagare92.fr\/pharma\/","name":"Pharmacie Gare de Rueil","description":"L&#039;intranet de ma pharmacie","potentialAction":[{"@type":"SearchAction","target":{"@type":"EntryPoint","urlTemplate":"https:\/\/ipharmagare92.fr\/pharma\/?s={search_term_string}"},"query-input":"required name=search_term_string"}],"inLanguage":"fr-FR"},{"@type":"WebPage","@id":"https:\/\/ipharmagare92.fr\/pharma\/generation-du-promis\/#webpage","url":"https:\/\/ipharmagare92.fr\/pharma\/generation-du-promis\/","name":"G\u00e9n\u00e9ration du promis - Pharmacie Gare de Rueil","isPartOf":{"@id":"https:\/\/ipharmagare92.fr\/pharma\/#website"},"datePublished":"2022-08-05T14:06:44+00:00","dateModified":"2022-08-05T14:46:18+00:00","breadcrumb":{"@id":"https:\/\/ipharmagare92.fr\/pharma\/generation-du-promis\/#breadcrumb"},"inLanguage":"fr-FR","potentialAction":[{"@type":"ReadAction","target":["https:\/\/ipharmagare92.fr\/pharma\/generation-du-promis\/"]}]},{"@type":"BreadcrumbList","@id":"https:\/\/ipharmagare92.fr\/pharma\/generation-du-promis\/#breadcrumb","itemListElement":[{"@type":"ListItem","position":1,"name":"Accueil","item":"https:\/\/ipharmagare92.fr\/pharma\/"},{"@type":"ListItem","position":2,"name":"G\u00e9n\u00e9ration du promis"}]}]}},"_links":{"self":[{"href":"https:\/\/ipharmagare92.fr\/pharma\/wp-json\/wp\/v2\/pages\/397","targetHints":{"allow":["GET"]}}],"collection":[{"href":"https:\/\/ipharmagare92.fr\/pharma\/wp-json\/wp\/v2\/pages"}],"about":[{"href":"https:\/\/ipharmagare92.fr\/pharma\/wp-json\/wp\/v2\/types\/page"}],"author":[{"embeddable":true,"href":"https:\/\/ipharmagare92.fr\/pharma\/wp-json\/wp\/v2\/users\/1"}],"replies":[{"embeddable":true,"href":"https:\/\/ipharmagare92.fr\/pharma\/wp-json\/wp\/v2\/comments?post=397"}],"version-history":[{"count":5,"href":"https:\/\/ipharmagare92.fr\/pharma\/wp-json\/wp\/v2\/pages\/397\/revisions"}],"predecessor-version":[{"id":415,"href":"https:\/\/ipharmagare92.fr\/pharma\/wp-json\/wp\/v2\/pages\/397\/revisions\/415"}],"wp:attachment":[{"href":"https:\/\/ipharmagare92.fr\/pharma\/wp-json\/wp\/v2\/media?parent=397"}],"curies":[{"name":"wp","href":"https:\/\/api.w.org\/{rel}","templated":true}]}}