{"id":403,"date":"2022-08-05T15:19:16","date_gmt":"2022-08-05T14:19:16","guid":{"rendered":"https:\/\/ipharmagare92.fr\/pharma\/?page_id=403"},"modified":"2022-08-05T15:56:21","modified_gmt":"2022-08-05T14:56:21","slug":"delivrance-du-promis","status":"publish","type":"page","link":"https:\/\/ipharmagare92.fr\/pharma\/delivrance-du-promis\/","title":{"rendered":"D\u00e9livrance du promis"},"content":{"rendered":"\n<p class=\"has-medium-font-size\">Lors de la r\u00e9ception de la commande bien penser \u00e0 passer le promis en mode '<mark style=\"background-color:rgba(0, 0, 0, 0)\" class=\"has-inline-color has-vivid-red-color\"><strong>PREPARE<\/strong><\/mark>'<\/p>\n\n\n\n<p class=\"has-medium-font-size\">Ce promis sera ensuite stock\u00e9 dans la case correspondante au dernier chiffre du ticket de promis : <strong><mark style=\"background-color:rgba(0, 0, 0, 0)\" class=\"has-inline-color has-luminous-vivid-orange-color\"><a href=\"https:\/\/ipharmagare92.fr\/pharma\/wp-content\/uploads\/2022\/08\/promis2.jpg\" target=\"_blank\" rel=\"noreferrer noopener\">PHOTO<\/a><\/mark><\/strong><\/p>\n\n\n\n<p class=\"has-medium-font-size\">Enfin lors de la d\u00e9livrance bien penser \u00e0 scanner le code barre du ticket sur le nom du client pour le faire passer du statut 'PREPARE' \u00e0 'DELIVRE' : <mark style=\"background-color:rgba(0, 0, 0, 0)\" class=\"has-inline-color has-vivid-red-color\"><strong><a href=\"https:\/\/ipharmagare92.fr\/pharma\/wp-content\/uploads\/2022\/08\/DELIVRANCE.jpg\" target=\"_blank\" rel=\"noreferrer noopener\">PHOTO<\/a><\/strong><\/mark><\/p>\n\n\n\n<p class=\"has-small-font-size\">C<em>ette \u00e9tape est importante puisqu c'est elle qui permettra d'assurer la tra\u00e7abilit\u00e9 de la d\u00e9livrance : le produit a bien \u00e9t\u00e9 d\u00e9livr\u00e9, par qui et quand<\/em><\/p>\n\n\n\n<p><\/p>\n","protected":false},"excerpt":{"rendered":"<p>Lors de la r\u00e9ception de la commande bien penser \u00e0 passer le promis en mode &lsquo;PREPARE&rsquo; Ce promis sera ensuite stock\u00e9 dans la case correspondante au dernier chiffre du ticket de promis : PHOTO Enfin lors de la d\u00e9livrance bien&hellip; <\/p>\n","protected":false},"author":1,"featured_media":0,"parent":0,"menu_order":0,"comment_status":"closed","ping_status":"closed","template":"","meta":{"footnotes":""},"class_list":["post-403","page","type-page","status-publish","hentry"],"yoast_head":"<!-- This site is optimized with the Yoast SEO plugin v18.8 - https:\/\/yoast.com\/wordpress\/plugins\/seo\/ -->\n<title>D\u00e9livrance du promis - Pharmacie Gare de Rueil<\/title>\n<meta name=\"robots\" content=\"index, follow, max-snippet:-1, max-image-preview:large, max-video-preview:-1\" \/>\n<link rel=\"canonical\" href=\"https:\/\/ipharmagare92.fr\/pharma\/delivrance-du-promis\/\" \/>\n<meta property=\"og:locale\" content=\"fr_FR\" \/>\n<meta property=\"og:type\" content=\"article\" \/>\n<meta property=\"og:title\" content=\"D\u00e9livrance du promis - Pharmacie Gare de Rueil\" \/>\n<meta property=\"og:description\" content=\"Lors de la r\u00e9ception de la commande bien penser \u00e0 passer le promis en mode &#039;PREPARE&#039; Ce promis sera ensuite stock\u00e9 dans la case correspondante au dernier chiffre du ticket de promis : PHOTO Enfin lors de la d\u00e9livrance bien&hellip;\" \/>\n<meta property=\"og:url\" content=\"https:\/\/ipharmagare92.fr\/pharma\/delivrance-du-promis\/\" \/>\n<meta property=\"og:site_name\" content=\"Pharmacie Gare de Rueil\" \/>\n<meta property=\"article:modified_time\" content=\"2022-08-05T14:56:21+00:00\" \/>\n<meta name=\"twitter:label1\" content=\"Dur\u00e9e de lecture estim\u00e9e\" \/>\n\t<meta name=\"twitter:data1\" content=\"1 minute\" \/>\n<script type=\"application\/ld+json\" class=\"yoast-schema-graph\">{\"@context\":\"https:\/\/schema.org\",\"@graph\":[{\"@type\":\"WebSite\",\"@id\":\"https:\/\/ipharmagare92.fr\/pharma\/#website\",\"url\":\"https:\/\/ipharmagare92.fr\/pharma\/\",\"name\":\"Pharmacie Gare de Rueil\",\"description\":\"L&#039;intranet de ma pharmacie\",\"potentialAction\":[{\"@type\":\"SearchAction\",\"target\":{\"@type\":\"EntryPoint\",\"urlTemplate\":\"https:\/\/ipharmagare92.fr\/pharma\/?s={search_term_string}\"},\"query-input\":\"required name=search_term_string\"}],\"inLanguage\":\"fr-FR\"},{\"@type\":\"WebPage\",\"@id\":\"https:\/\/ipharmagare92.fr\/pharma\/delivrance-du-promis\/#webpage\",\"url\":\"https:\/\/ipharmagare92.fr\/pharma\/delivrance-du-promis\/\",\"name\":\"D\u00e9livrance du promis - Pharmacie Gare de Rueil\",\"isPartOf\":{\"@id\":\"https:\/\/ipharmagare92.fr\/pharma\/#website\"},\"datePublished\":\"2022-08-05T14:19:16+00:00\",\"dateModified\":\"2022-08-05T14:56:21+00:00\",\"breadcrumb\":{\"@id\":\"https:\/\/ipharmagare92.fr\/pharma\/delivrance-du-promis\/#breadcrumb\"},\"inLanguage\":\"fr-FR\",\"potentialAction\":[{\"@type\":\"ReadAction\",\"target\":[\"https:\/\/ipharmagare92.fr\/pharma\/delivrance-du-promis\/\"]}]},{\"@type\":\"BreadcrumbList\",\"@id\":\"https:\/\/ipharmagare92.fr\/pharma\/delivrance-du-promis\/#breadcrumb\",\"itemListElement\":[{\"@type\":\"ListItem\",\"position\":1,\"name\":\"Accueil\",\"item\":\"https:\/\/ipharmagare92.fr\/pharma\/\"},{\"@type\":\"ListItem\",\"position\":2,\"name\":\"D\u00e9livrance du promis\"}]}]}<\/script>\n<!-- \/ Yoast SEO plugin. -->","yoast_head_json":{"title":"D\u00e9livrance du promis - Pharmacie Gare de Rueil","robots":{"index":"index","follow":"follow","max-snippet":"max-snippet:-1","max-image-preview":"max-image-preview:large","max-video-preview":"max-video-preview:-1"},"canonical":"https:\/\/ipharmagare92.fr\/pharma\/delivrance-du-promis\/","og_locale":"fr_FR","og_type":"article","og_title":"D\u00e9livrance du promis - Pharmacie Gare de Rueil","og_description":"Lors de la r\u00e9ception de la commande bien penser \u00e0 passer le promis en mode 'PREPARE' Ce promis sera ensuite stock\u00e9 dans la case correspondante au dernier chiffre du ticket de promis : PHOTO Enfin lors de la d\u00e9livrance bien&hellip;","og_url":"https:\/\/ipharmagare92.fr\/pharma\/delivrance-du-promis\/","og_site_name":"Pharmacie Gare de Rueil","article_modified_time":"2022-08-05T14:56:21+00:00","twitter_misc":{"Dur\u00e9e de lecture estim\u00e9e":"1 minute"},"schema":{"@context":"https:\/\/schema.org","@graph":[{"@type":"WebSite","@id":"https:\/\/ipharmagare92.fr\/pharma\/#website","url":"https:\/\/ipharmagare92.fr\/pharma\/","name":"Pharmacie Gare de Rueil","description":"L&#039;intranet de ma pharmacie","potentialAction":[{"@type":"SearchAction","target":{"@type":"EntryPoint","urlTemplate":"https:\/\/ipharmagare92.fr\/pharma\/?s={search_term_string}"},"query-input":"required name=search_term_string"}],"inLanguage":"fr-FR"},{"@type":"WebPage","@id":"https:\/\/ipharmagare92.fr\/pharma\/delivrance-du-promis\/#webpage","url":"https:\/\/ipharmagare92.fr\/pharma\/delivrance-du-promis\/","name":"D\u00e9livrance du promis - Pharmacie Gare de Rueil","isPartOf":{"@id":"https:\/\/ipharmagare92.fr\/pharma\/#website"},"datePublished":"2022-08-05T14:19:16+00:00","dateModified":"2022-08-05T14:56:21+00:00","breadcrumb":{"@id":"https:\/\/ipharmagare92.fr\/pharma\/delivrance-du-promis\/#breadcrumb"},"inLanguage":"fr-FR","potentialAction":[{"@type":"ReadAction","target":["https:\/\/ipharmagare92.fr\/pharma\/delivrance-du-promis\/"]}]},{"@type":"BreadcrumbList","@id":"https:\/\/ipharmagare92.fr\/pharma\/delivrance-du-promis\/#breadcrumb","itemListElement":[{"@type":"ListItem","position":1,"name":"Accueil","item":"https:\/\/ipharmagare92.fr\/pharma\/"},{"@type":"ListItem","position":2,"name":"D\u00e9livrance du promis"}]}]}},"_links":{"self":[{"href":"https:\/\/ipharmagare92.fr\/pharma\/wp-json\/wp\/v2\/pages\/403","targetHints":{"allow":["GET"]}}],"collection":[{"href":"https:\/\/ipharmagare92.fr\/pharma\/wp-json\/wp\/v2\/pages"}],"about":[{"href":"https:\/\/ipharmagare92.fr\/pharma\/wp-json\/wp\/v2\/types\/page"}],"author":[{"embeddable":true,"href":"https:\/\/ipharmagare92.fr\/pharma\/wp-json\/wp\/v2\/users\/1"}],"replies":[{"embeddable":true,"href":"https:\/\/ipharmagare92.fr\/pharma\/wp-json\/wp\/v2\/comments?post=403"}],"version-history":[{"count":5,"href":"https:\/\/ipharmagare92.fr\/pharma\/wp-json\/wp\/v2\/pages\/403\/revisions"}],"predecessor-version":[{"id":419,"href":"https:\/\/ipharmagare92.fr\/pharma\/wp-json\/wp\/v2\/pages\/403\/revisions\/419"}],"wp:attachment":[{"href":"https:\/\/ipharmagare92.fr\/pharma\/wp-json\/wp\/v2\/media?parent=403"}],"curies":[{"name":"wp","href":"https:\/\/api.w.org\/{rel}","templated":true}]}}