{"id":559,"date":"2024-01-12T17:53:27","date_gmt":"2024-01-12T16:53:27","guid":{"rendered":"https:\/\/ipharmagare92.fr\/pharma\/?page_id=559"},"modified":"2024-01-12T17:55:29","modified_gmt":"2024-01-12T16:55:29","slug":"validation-devis","status":"publish","type":"page","link":"https:\/\/ipharmagare92.fr\/pharma\/validation-devis\/","title":{"rendered":"Validation devis"},"content":{"rendered":"\n<p>Cliquer<strong> <a href=\"https:\/\/ipharmagare92.fr\/pharma\/wp-content\/uploads\/2024\/01\/SEMELLES.pdf\" target=\"_blank\" rel=\"noreferrer noopener\">ICI<\/a><\/strong> pour t\u00e9l\u00e9charger le mod\u00e8le 'semelles orthop\u00e9diques'<br><\/p>\n\n\n\n\n\n<p>Cliquer <a href=\"https:\/\/ipharmagare92.fr\/pharma\/wp-content\/uploads\/2024\/01\/compression-sur-mesure.pdf\" target=\"_blank\" rel=\"noreferrer noopener\"><strong>ICI<\/strong> <\/a>pour t\u00e9l\u00e9charger le mod\u00e8le 'compression'<\/p>\n\n\n\n<p><em><strong>Une fois ce document rempli merci de le scanner en 'autre document NON SCOR' dans la facturation<\/strong><\/em><\/p>\n","protected":false},"excerpt":{"rendered":"<p>Cliquer ICI pour t\u00e9l\u00e9charger le mod\u00e8le &lsquo;semelles orthop\u00e9diques&rsquo; Cliquer ICI pour t\u00e9l\u00e9charger le mod\u00e8le &lsquo;compression&rsquo; Une fois ce document rempli merci de le scanner en &lsquo;autre document NON SCOR&rsquo; dans la facturation<\/p>\n","protected":false},"author":1,"featured_media":0,"parent":0,"menu_order":0,"comment_status":"closed","ping_status":"closed","template":"","meta":{"footnotes":""},"class_list":["post-559","page","type-page","status-publish","hentry"],"yoast_head":"<!-- This site is optimized with the Yoast SEO plugin v18.8 - https:\/\/yoast.com\/wordpress\/plugins\/seo\/ -->\n<title>Validation devis - Pharmacie Gare de Rueil<\/title>\n<meta name=\"robots\" content=\"index, follow, max-snippet:-1, max-image-preview:large, max-video-preview:-1\" \/>\n<link rel=\"canonical\" href=\"https:\/\/ipharmagare92.fr\/pharma\/validation-devis\/\" \/>\n<meta property=\"og:locale\" content=\"fr_FR\" \/>\n<meta property=\"og:type\" content=\"article\" \/>\n<meta property=\"og:title\" content=\"Validation devis - Pharmacie Gare de Rueil\" \/>\n<meta property=\"og:description\" content=\"Cliquer ICI pour t\u00e9l\u00e9charger le mod\u00e8le &#039;semelles orthop\u00e9diques&#039; Cliquer ICI pour t\u00e9l\u00e9charger le mod\u00e8le &#039;compression&#039; Une fois ce document rempli merci de le scanner en &#039;autre document NON SCOR&#039; dans la facturation\" \/>\n<meta property=\"og:url\" content=\"https:\/\/ipharmagare92.fr\/pharma\/validation-devis\/\" \/>\n<meta property=\"og:site_name\" content=\"Pharmacie Gare de Rueil\" \/>\n<meta property=\"article:modified_time\" content=\"2024-01-12T16:55:29+00:00\" \/>\n<script type=\"application\/ld+json\" class=\"yoast-schema-graph\">{\"@context\":\"https:\/\/schema.org\",\"@graph\":[{\"@type\":\"WebSite\",\"@id\":\"https:\/\/ipharmagare92.fr\/pharma\/#website\",\"url\":\"https:\/\/ipharmagare92.fr\/pharma\/\",\"name\":\"Pharmacie Gare de Rueil\",\"description\":\"L&#039;intranet de ma pharmacie\",\"potentialAction\":[{\"@type\":\"SearchAction\",\"target\":{\"@type\":\"EntryPoint\",\"urlTemplate\":\"https:\/\/ipharmagare92.fr\/pharma\/?s={search_term_string}\"},\"query-input\":\"required name=search_term_string\"}],\"inLanguage\":\"fr-FR\"},{\"@type\":\"WebPage\",\"@id\":\"https:\/\/ipharmagare92.fr\/pharma\/validation-devis\/#webpage\",\"url\":\"https:\/\/ipharmagare92.fr\/pharma\/validation-devis\/\",\"name\":\"Validation devis - Pharmacie Gare de Rueil\",\"isPartOf\":{\"@id\":\"https:\/\/ipharmagare92.fr\/pharma\/#website\"},\"datePublished\":\"2024-01-12T16:53:27+00:00\",\"dateModified\":\"2024-01-12T16:55:29+00:00\",\"breadcrumb\":{\"@id\":\"https:\/\/ipharmagare92.fr\/pharma\/validation-devis\/#breadcrumb\"},\"inLanguage\":\"fr-FR\",\"potentialAction\":[{\"@type\":\"ReadAction\",\"target\":[\"https:\/\/ipharmagare92.fr\/pharma\/validation-devis\/\"]}]},{\"@type\":\"BreadcrumbList\",\"@id\":\"https:\/\/ipharmagare92.fr\/pharma\/validation-devis\/#breadcrumb\",\"itemListElement\":[{\"@type\":\"ListItem\",\"position\":1,\"name\":\"Accueil\",\"item\":\"https:\/\/ipharmagare92.fr\/pharma\/\"},{\"@type\":\"ListItem\",\"position\":2,\"name\":\"Validation devis\"}]}]}<\/script>\n<!-- \/ Yoast SEO plugin. -->","yoast_head_json":{"title":"Validation devis - Pharmacie Gare de Rueil","robots":{"index":"index","follow":"follow","max-snippet":"max-snippet:-1","max-image-preview":"max-image-preview:large","max-video-preview":"max-video-preview:-1"},"canonical":"https:\/\/ipharmagare92.fr\/pharma\/validation-devis\/","og_locale":"fr_FR","og_type":"article","og_title":"Validation devis - Pharmacie Gare de Rueil","og_description":"Cliquer ICI pour t\u00e9l\u00e9charger le mod\u00e8le 'semelles orthop\u00e9diques' Cliquer ICI pour t\u00e9l\u00e9charger le mod\u00e8le 'compression' Une fois ce document rempli merci de le scanner en 'autre document NON SCOR' dans la facturation","og_url":"https:\/\/ipharmagare92.fr\/pharma\/validation-devis\/","og_site_name":"Pharmacie Gare de Rueil","article_modified_time":"2024-01-12T16:55:29+00:00","schema":{"@context":"https:\/\/schema.org","@graph":[{"@type":"WebSite","@id":"https:\/\/ipharmagare92.fr\/pharma\/#website","url":"https:\/\/ipharmagare92.fr\/pharma\/","name":"Pharmacie Gare de Rueil","description":"L&#039;intranet de ma pharmacie","potentialAction":[{"@type":"SearchAction","target":{"@type":"EntryPoint","urlTemplate":"https:\/\/ipharmagare92.fr\/pharma\/?s={search_term_string}"},"query-input":"required name=search_term_string"}],"inLanguage":"fr-FR"},{"@type":"WebPage","@id":"https:\/\/ipharmagare92.fr\/pharma\/validation-devis\/#webpage","url":"https:\/\/ipharmagare92.fr\/pharma\/validation-devis\/","name":"Validation devis - Pharmacie Gare de Rueil","isPartOf":{"@id":"https:\/\/ipharmagare92.fr\/pharma\/#website"},"datePublished":"2024-01-12T16:53:27+00:00","dateModified":"2024-01-12T16:55:29+00:00","breadcrumb":{"@id":"https:\/\/ipharmagare92.fr\/pharma\/validation-devis\/#breadcrumb"},"inLanguage":"fr-FR","potentialAction":[{"@type":"ReadAction","target":["https:\/\/ipharmagare92.fr\/pharma\/validation-devis\/"]}]},{"@type":"BreadcrumbList","@id":"https:\/\/ipharmagare92.fr\/pharma\/validation-devis\/#breadcrumb","itemListElement":[{"@type":"ListItem","position":1,"name":"Accueil","item":"https:\/\/ipharmagare92.fr\/pharma\/"},{"@type":"ListItem","position":2,"name":"Validation devis"}]}]}},"_links":{"self":[{"href":"https:\/\/ipharmagare92.fr\/pharma\/wp-json\/wp\/v2\/pages\/559","targetHints":{"allow":["GET"]}}],"collection":[{"href":"https:\/\/ipharmagare92.fr\/pharma\/wp-json\/wp\/v2\/pages"}],"about":[{"href":"https:\/\/ipharmagare92.fr\/pharma\/wp-json\/wp\/v2\/types\/page"}],"author":[{"embeddable":true,"href":"https:\/\/ipharmagare92.fr\/pharma\/wp-json\/wp\/v2\/users\/1"}],"replies":[{"embeddable":true,"href":"https:\/\/ipharmagare92.fr\/pharma\/wp-json\/wp\/v2\/comments?post=559"}],"version-history":[{"count":1,"href":"https:\/\/ipharmagare92.fr\/pharma\/wp-json\/wp\/v2\/pages\/559\/revisions"}],"predecessor-version":[{"id":563,"href":"https:\/\/ipharmagare92.fr\/pharma\/wp-json\/wp\/v2\/pages\/559\/revisions\/563"}],"wp:attachment":[{"href":"https:\/\/ipharmagare92.fr\/pharma\/wp-json\/wp\/v2\/media?parent=559"}],"curies":[{"name":"wp","href":"https:\/\/api.w.org\/{rel}","templated":true}]}}