{"id":585,"date":"2024-05-14T17:33:41","date_gmt":"2024-05-14T16:33:41","guid":{"rendered":"https:\/\/ipharmagare92.fr\/pharma\/?page_id=585"},"modified":"2024-05-21T16:05:44","modified_gmt":"2024-05-21T15:05:44","slug":"prescription-des-vaccins","status":"publish","type":"page","link":"https:\/\/ipharmagare92.fr\/pharma\/prescription-des-vaccins\/","title":{"rendered":"Prescription des vaccins"},"content":{"rendered":"\n<p>Carte simplifi\u00e9e des vaccinations : <a href=\"https:\/\/ipharmagare92.fr\/pharma\/wp-content\/uploads\/2024\/05\/carte_simplifiee_vaccination_2023.pdf\">ICI<\/a><\/p>\n\n\n\n<p>Vaccinations de rattrapage : <a href=\"https:\/\/ipharmagare92.fr\/pharma\/wp-content\/uploads\/2024\/05\/vaccinations-de-rattrapage.pdf\">ICI<\/a><\/p>\n\n\n\n<p>Interchangeabilit\u00e9 des vaccins : <a href=\"https:\/\/ipharmagare92.fr\/pharma\/wp-content\/uploads\/2024\/05\/interchangeabilite-des-vaccins.pdf\">ICI<\/a><\/p>\n\n\n\n<p>Modalit\u00e9s de prescription :<a href=\"https:\/\/ipharmagare92.fr\/pharma\/wp-content\/uploads\/2024\/05\/modalites-de-prescription.pdf\"> ICI<\/a><\/p>\n\n\n\n<p>Bon de prise en charge vaccin : <a href=\"https:\/\/ipharmagare92.fr\/pharma\/wp-content\/uploads\/2024\/05\/Bon_prise_en_charge_vaccin.pdf\">ICI<\/a><\/p>\n\n\n","protected":false},"excerpt":{"rendered":"<p>Carte simplifi\u00e9e des vaccinations : ICI Vaccinations de rattrapage : ICI Interchangeabilit\u00e9 des vaccins : ICI Modalit\u00e9s de prescription : ICI Bon de prise en charge vaccin : ICI<\/p>\n","protected":false},"author":1,"featured_media":0,"parent":0,"menu_order":0,"comment_status":"closed","ping_status":"closed","template":"","meta":{"footnotes":""},"class_list":["post-585","page","type-page","status-publish","hentry"],"yoast_head":"<!-- This site is optimized with the Yoast SEO plugin v18.8 - https:\/\/yoast.com\/wordpress\/plugins\/seo\/ -->\n<title>Prescription des vaccins - Pharmacie Gare de Rueil<\/title>\n<meta name=\"robots\" content=\"index, follow, max-snippet:-1, max-image-preview:large, max-video-preview:-1\" \/>\n<link rel=\"canonical\" href=\"https:\/\/ipharmagare92.fr\/pharma\/prescription-des-vaccins\/\" \/>\n<meta property=\"og:locale\" content=\"fr_FR\" \/>\n<meta property=\"og:type\" content=\"article\" \/>\n<meta property=\"og:title\" content=\"Prescription des vaccins - Pharmacie Gare de Rueil\" \/>\n<meta property=\"og:description\" content=\"Carte simplifi\u00e9e des vaccinations : ICI Vaccinations de rattrapage : ICI Interchangeabilit\u00e9 des vaccins : ICI Modalit\u00e9s de prescription : ICI Bon de prise en charge vaccin : ICI\" \/>\n<meta property=\"og:url\" content=\"https:\/\/ipharmagare92.fr\/pharma\/prescription-des-vaccins\/\" \/>\n<meta property=\"og:site_name\" content=\"Pharmacie Gare de Rueil\" \/>\n<meta property=\"article:modified_time\" content=\"2024-05-21T15:05:44+00:00\" \/>\n<script type=\"application\/ld+json\" class=\"yoast-schema-graph\">{\"@context\":\"https:\/\/schema.org\",\"@graph\":[{\"@type\":\"WebSite\",\"@id\":\"https:\/\/ipharmagare92.fr\/pharma\/#website\",\"url\":\"https:\/\/ipharmagare92.fr\/pharma\/\",\"name\":\"Pharmacie Gare de Rueil\",\"description\":\"L&#039;intranet de ma pharmacie\",\"potentialAction\":[{\"@type\":\"SearchAction\",\"target\":{\"@type\":\"EntryPoint\",\"urlTemplate\":\"https:\/\/ipharmagare92.fr\/pharma\/?s={search_term_string}\"},\"query-input\":\"required name=search_term_string\"}],\"inLanguage\":\"fr-FR\"},{\"@type\":\"WebPage\",\"@id\":\"https:\/\/ipharmagare92.fr\/pharma\/prescription-des-vaccins\/#webpage\",\"url\":\"https:\/\/ipharmagare92.fr\/pharma\/prescription-des-vaccins\/\",\"name\":\"Prescription des vaccins - Pharmacie Gare de Rueil\",\"isPartOf\":{\"@id\":\"https:\/\/ipharmagare92.fr\/pharma\/#website\"},\"datePublished\":\"2024-05-14T16:33:41+00:00\",\"dateModified\":\"2024-05-21T15:05:44+00:00\",\"breadcrumb\":{\"@id\":\"https:\/\/ipharmagare92.fr\/pharma\/prescription-des-vaccins\/#breadcrumb\"},\"inLanguage\":\"fr-FR\",\"potentialAction\":[{\"@type\":\"ReadAction\",\"target\":[\"https:\/\/ipharmagare92.fr\/pharma\/prescription-des-vaccins\/\"]}]},{\"@type\":\"BreadcrumbList\",\"@id\":\"https:\/\/ipharmagare92.fr\/pharma\/prescription-des-vaccins\/#breadcrumb\",\"itemListElement\":[{\"@type\":\"ListItem\",\"position\":1,\"name\":\"Accueil\",\"item\":\"https:\/\/ipharmagare92.fr\/pharma\/\"},{\"@type\":\"ListItem\",\"position\":2,\"name\":\"Prescription des vaccins\"}]}]}<\/script>\n<!-- \/ Yoast SEO plugin. -->","yoast_head_json":{"title":"Prescription des vaccins - Pharmacie Gare de Rueil","robots":{"index":"index","follow":"follow","max-snippet":"max-snippet:-1","max-image-preview":"max-image-preview:large","max-video-preview":"max-video-preview:-1"},"canonical":"https:\/\/ipharmagare92.fr\/pharma\/prescription-des-vaccins\/","og_locale":"fr_FR","og_type":"article","og_title":"Prescription des vaccins - Pharmacie Gare de Rueil","og_description":"Carte simplifi\u00e9e des vaccinations : ICI Vaccinations de rattrapage : ICI Interchangeabilit\u00e9 des vaccins : ICI Modalit\u00e9s de prescription : ICI Bon de prise en charge vaccin : ICI","og_url":"https:\/\/ipharmagare92.fr\/pharma\/prescription-des-vaccins\/","og_site_name":"Pharmacie Gare de Rueil","article_modified_time":"2024-05-21T15:05:44+00:00","schema":{"@context":"https:\/\/schema.org","@graph":[{"@type":"WebSite","@id":"https:\/\/ipharmagare92.fr\/pharma\/#website","url":"https:\/\/ipharmagare92.fr\/pharma\/","name":"Pharmacie Gare de Rueil","description":"L&#039;intranet de ma pharmacie","potentialAction":[{"@type":"SearchAction","target":{"@type":"EntryPoint","urlTemplate":"https:\/\/ipharmagare92.fr\/pharma\/?s={search_term_string}"},"query-input":"required name=search_term_string"}],"inLanguage":"fr-FR"},{"@type":"WebPage","@id":"https:\/\/ipharmagare92.fr\/pharma\/prescription-des-vaccins\/#webpage","url":"https:\/\/ipharmagare92.fr\/pharma\/prescription-des-vaccins\/","name":"Prescription des vaccins - Pharmacie Gare de Rueil","isPartOf":{"@id":"https:\/\/ipharmagare92.fr\/pharma\/#website"},"datePublished":"2024-05-14T16:33:41+00:00","dateModified":"2024-05-21T15:05:44+00:00","breadcrumb":{"@id":"https:\/\/ipharmagare92.fr\/pharma\/prescription-des-vaccins\/#breadcrumb"},"inLanguage":"fr-FR","potentialAction":[{"@type":"ReadAction","target":["https:\/\/ipharmagare92.fr\/pharma\/prescription-des-vaccins\/"]}]},{"@type":"BreadcrumbList","@id":"https:\/\/ipharmagare92.fr\/pharma\/prescription-des-vaccins\/#breadcrumb","itemListElement":[{"@type":"ListItem","position":1,"name":"Accueil","item":"https:\/\/ipharmagare92.fr\/pharma\/"},{"@type":"ListItem","position":2,"name":"Prescription des vaccins"}]}]}},"_links":{"self":[{"href":"https:\/\/ipharmagare92.fr\/pharma\/wp-json\/wp\/v2\/pages\/585","targetHints":{"allow":["GET"]}}],"collection":[{"href":"https:\/\/ipharmagare92.fr\/pharma\/wp-json\/wp\/v2\/pages"}],"about":[{"href":"https:\/\/ipharmagare92.fr\/pharma\/wp-json\/wp\/v2\/types\/page"}],"author":[{"embeddable":true,"href":"https:\/\/ipharmagare92.fr\/pharma\/wp-json\/wp\/v2\/users\/1"}],"replies":[{"embeddable":true,"href":"https:\/\/ipharmagare92.fr\/pharma\/wp-json\/wp\/v2\/comments?post=585"}],"version-history":[{"count":9,"href":"https:\/\/ipharmagare92.fr\/pharma\/wp-json\/wp\/v2\/pages\/585\/revisions"}],"predecessor-version":[{"id":607,"href":"https:\/\/ipharmagare92.fr\/pharma\/wp-json\/wp\/v2\/pages\/585\/revisions\/607"}],"wp:attachment":[{"href":"https:\/\/ipharmagare92.fr\/pharma\/wp-json\/wp\/v2\/media?parent=585"}],"curies":[{"name":"wp","href":"https:\/\/api.w.org\/{rel}","templated":true}]}}