{"id":609,"date":"2024-08-12T17:26:10","date_gmt":"2024-08-12T16:26:10","guid":{"rendered":"https:\/\/ipharmagare92.fr\/pharma\/?page_id=609"},"modified":"2024-08-12T17:26:13","modified_gmt":"2024-08-12T16:26:13","slug":"fiche-de-tracabilite-trod","status":"publish","type":"page","link":"https:\/\/ipharmagare92.fr\/pharma\/fiche-de-tracabilite-trod\/","title":{"rendered":"Fiche de tracabilite TROD"},"content":{"rendered":"\n<p>T\u00e9l\u00e9charger <a href=\"https:\/\/ipharmagare92.fr\/pharma\/wp-content\/uploads\/2024\/08\/Fiche-patient-de-tracabilite-du-TROD.pdf\">ICI<\/a> la fiche de tra\u00e7abilit\u00e9 TROD<\/p>\n\n\n","protected":false},"excerpt":{"rendered":"<p>T\u00e9l\u00e9charger ICI la fiche de tra\u00e7abilit\u00e9 TROD<\/p>\n","protected":false},"author":1,"featured_media":0,"parent":0,"menu_order":0,"comment_status":"closed","ping_status":"closed","template":"","meta":{"footnotes":""},"class_list":["post-609","page","type-page","status-publish","hentry"],"yoast_head":"<!-- This site is optimized with the Yoast SEO plugin v18.8 - https:\/\/yoast.com\/wordpress\/plugins\/seo\/ -->\n<title>Fiche de tracabilite TROD - Pharmacie Gare de Rueil<\/title>\n<meta name=\"robots\" content=\"index, follow, max-snippet:-1, max-image-preview:large, max-video-preview:-1\" \/>\n<link rel=\"canonical\" href=\"https:\/\/ipharmagare92.fr\/pharma\/fiche-de-tracabilite-trod\/\" \/>\n<meta property=\"og:locale\" content=\"fr_FR\" \/>\n<meta property=\"og:type\" content=\"article\" \/>\n<meta property=\"og:title\" content=\"Fiche de tracabilite TROD - Pharmacie Gare de Rueil\" \/>\n<meta property=\"og:description\" content=\"T\u00e9l\u00e9charger ICI la fiche de tra\u00e7abilit\u00e9 TROD\" \/>\n<meta property=\"og:url\" content=\"https:\/\/ipharmagare92.fr\/pharma\/fiche-de-tracabilite-trod\/\" \/>\n<meta property=\"og:site_name\" content=\"Pharmacie Gare de Rueil\" \/>\n<meta property=\"article:modified_time\" content=\"2024-08-12T16:26:13+00:00\" \/>\n<script type=\"application\/ld+json\" class=\"yoast-schema-graph\">{\"@context\":\"https:\/\/schema.org\",\"@graph\":[{\"@type\":\"WebSite\",\"@id\":\"https:\/\/ipharmagare92.fr\/pharma\/#website\",\"url\":\"https:\/\/ipharmagare92.fr\/pharma\/\",\"name\":\"Pharmacie Gare de Rueil\",\"description\":\"L&#039;intranet de ma pharmacie\",\"potentialAction\":[{\"@type\":\"SearchAction\",\"target\":{\"@type\":\"EntryPoint\",\"urlTemplate\":\"https:\/\/ipharmagare92.fr\/pharma\/?s={search_term_string}\"},\"query-input\":\"required name=search_term_string\"}],\"inLanguage\":\"fr-FR\"},{\"@type\":\"WebPage\",\"@id\":\"https:\/\/ipharmagare92.fr\/pharma\/fiche-de-tracabilite-trod\/#webpage\",\"url\":\"https:\/\/ipharmagare92.fr\/pharma\/fiche-de-tracabilite-trod\/\",\"name\":\"Fiche de tracabilite TROD - Pharmacie Gare de Rueil\",\"isPartOf\":{\"@id\":\"https:\/\/ipharmagare92.fr\/pharma\/#website\"},\"datePublished\":\"2024-08-12T16:26:10+00:00\",\"dateModified\":\"2024-08-12T16:26:13+00:00\",\"breadcrumb\":{\"@id\":\"https:\/\/ipharmagare92.fr\/pharma\/fiche-de-tracabilite-trod\/#breadcrumb\"},\"inLanguage\":\"fr-FR\",\"potentialAction\":[{\"@type\":\"ReadAction\",\"target\":[\"https:\/\/ipharmagare92.fr\/pharma\/fiche-de-tracabilite-trod\/\"]}]},{\"@type\":\"BreadcrumbList\",\"@id\":\"https:\/\/ipharmagare92.fr\/pharma\/fiche-de-tracabilite-trod\/#breadcrumb\",\"itemListElement\":[{\"@type\":\"ListItem\",\"position\":1,\"name\":\"Accueil\",\"item\":\"https:\/\/ipharmagare92.fr\/pharma\/\"},{\"@type\":\"ListItem\",\"position\":2,\"name\":\"Fiche de tracabilite TROD\"}]}]}<\/script>\n<!-- \/ Yoast SEO plugin. -->","yoast_head_json":{"title":"Fiche de tracabilite TROD - Pharmacie Gare de Rueil","robots":{"index":"index","follow":"follow","max-snippet":"max-snippet:-1","max-image-preview":"max-image-preview:large","max-video-preview":"max-video-preview:-1"},"canonical":"https:\/\/ipharmagare92.fr\/pharma\/fiche-de-tracabilite-trod\/","og_locale":"fr_FR","og_type":"article","og_title":"Fiche de tracabilite TROD - Pharmacie Gare de Rueil","og_description":"T\u00e9l\u00e9charger ICI la fiche de tra\u00e7abilit\u00e9 TROD","og_url":"https:\/\/ipharmagare92.fr\/pharma\/fiche-de-tracabilite-trod\/","og_site_name":"Pharmacie Gare de Rueil","article_modified_time":"2024-08-12T16:26:13+00:00","schema":{"@context":"https:\/\/schema.org","@graph":[{"@type":"WebSite","@id":"https:\/\/ipharmagare92.fr\/pharma\/#website","url":"https:\/\/ipharmagare92.fr\/pharma\/","name":"Pharmacie Gare de Rueil","description":"L&#039;intranet de ma pharmacie","potentialAction":[{"@type":"SearchAction","target":{"@type":"EntryPoint","urlTemplate":"https:\/\/ipharmagare92.fr\/pharma\/?s={search_term_string}"},"query-input":"required name=search_term_string"}],"inLanguage":"fr-FR"},{"@type":"WebPage","@id":"https:\/\/ipharmagare92.fr\/pharma\/fiche-de-tracabilite-trod\/#webpage","url":"https:\/\/ipharmagare92.fr\/pharma\/fiche-de-tracabilite-trod\/","name":"Fiche de tracabilite TROD - Pharmacie Gare de Rueil","isPartOf":{"@id":"https:\/\/ipharmagare92.fr\/pharma\/#website"},"datePublished":"2024-08-12T16:26:10+00:00","dateModified":"2024-08-12T16:26:13+00:00","breadcrumb":{"@id":"https:\/\/ipharmagare92.fr\/pharma\/fiche-de-tracabilite-trod\/#breadcrumb"},"inLanguage":"fr-FR","potentialAction":[{"@type":"ReadAction","target":["https:\/\/ipharmagare92.fr\/pharma\/fiche-de-tracabilite-trod\/"]}]},{"@type":"BreadcrumbList","@id":"https:\/\/ipharmagare92.fr\/pharma\/fiche-de-tracabilite-trod\/#breadcrumb","itemListElement":[{"@type":"ListItem","position":1,"name":"Accueil","item":"https:\/\/ipharmagare92.fr\/pharma\/"},{"@type":"ListItem","position":2,"name":"Fiche de tracabilite TROD"}]}]}},"_links":{"self":[{"href":"https:\/\/ipharmagare92.fr\/pharma\/wp-json\/wp\/v2\/pages\/609","targetHints":{"allow":["GET"]}}],"collection":[{"href":"https:\/\/ipharmagare92.fr\/pharma\/wp-json\/wp\/v2\/pages"}],"about":[{"href":"https:\/\/ipharmagare92.fr\/pharma\/wp-json\/wp\/v2\/types\/page"}],"author":[{"embeddable":true,"href":"https:\/\/ipharmagare92.fr\/pharma\/wp-json\/wp\/v2\/users\/1"}],"replies":[{"embeddable":true,"href":"https:\/\/ipharmagare92.fr\/pharma\/wp-json\/wp\/v2\/comments?post=609"}],"version-history":[{"count":1,"href":"https:\/\/ipharmagare92.fr\/pharma\/wp-json\/wp\/v2\/pages\/609\/revisions"}],"predecessor-version":[{"id":612,"href":"https:\/\/ipharmagare92.fr\/pharma\/wp-json\/wp\/v2\/pages\/609\/revisions\/612"}],"wp:attachment":[{"href":"https:\/\/ipharmagare92.fr\/pharma\/wp-json\/wp\/v2\/media?parent=609"}],"curies":[{"name":"wp","href":"https:\/\/api.w.org\/{rel}","templated":true}]}}